{"id":13554,"date":"2012-02-28T07:39:22","date_gmt":"2012-02-28T06:39:22","guid":{"rendered":"http:\/\/agert.homelinux.org\/WorldPress\/?page_id=13554"},"modified":"2015-04-03T12:37:26","modified_gmt":"2015-04-03T11:37:26","slug":"videoclips-till-youtube","status":"publish","type":"page","link":"https:\/\/fatherben.se\/wordpress\/sidor\/video-hjalpen\/videoclips-till-youtube\/","title":{"rendered":"Videoclips till Youtube"},"content":{"rendered":"<p>Du kan enkelt ladda upp videoclips p\u00e5 Youtube s\u00e5 att bara den du vill kan se videon ochvideon inte \u00e4r s\u00f6kbar p\u00e5 internet.\u00a0Det g\u00e5r \u00e4ven att klippa ihop videoclips och l\u00e4gga p\u00e5 godk\u00e4nd musikdirekt i Youtube.<\/p>\n<p><strong>S\u00e5 h\u00e4r laddar du upp videoclipsen<\/strong><\/p>\n<p><iframe loading=\"lazy\" src=\"http:\/\/www.youtube.com\/embed\/Qr_34pwnwU4\" width=\"500\" height=\"380\" frameborder=\"0\" allowfullscreen=\"allowfullscreen\"><\/iframe><\/p>\n<p><strong>S\u00e5 h\u00e4r redigerar du och klipper ihop<\/strong><br \/>\n<iframe loading=\"lazy\" src=\"http:\/\/www.youtube.com\/embed\/vjbHfQgy8xM\" width=\"500\" height=\"380\" frameborder=\"0\" allowfullscreen=\"allowfullscreen\"><\/iframe><\/p>\n","protected":false},"excerpt":{"rendered":"<p>Du kan enkelt ladda upp videoclips p\u00e5 Youtube s\u00e5 att bara den du vill kan se videon ochvideon inte \u00e4r s\u00f6kbar p\u00e5 internet.\u00a0Det g\u00e5r \u00e4ven att klippa ihop videoclips och l\u00e4gga p\u00e5 godk\u00e4nd musikdirekt i Youtube. S\u00e5 h\u00e4r laddar du upp videoclipsen S\u00e5 h\u00e4r redigerar du och klipper ihop<\/p>\n","protected":false},"author":5,"featured_media":0,"parent":512,"menu_order":0,"comment_status":"open","ping_status":"open","template":"","meta":{"footnotes":""},"class_list":["post-13554","page","type-page","status-publish","hentry"],"jetpack_shortlink":"https:\/\/wp.me\/P1IAXy-3wC","jetpack_sharing_enabled":true,"jetpack-related-posts":[{"id":512,"url":"https:\/\/fatherben.se\/wordpress\/sidor\/video-hjalpen\/","url_meta":{"origin":13554,"position":0},"title":"VIDEO-akuten","author":"Bengt","date":"2008-12-14","format":false,"excerpt":"uppdaterad 20201005 \u00a0Passa p\u00e5 att f\u00e5 ett gott skratt\u00a0innan du tar dig an videotipsen Lite tillkommande information 2020 \u00a0G\u00f6ra gamla smalfilmer digitala \u00a0\u00d6verf\u00f6ra filmer fr\u00e5n videokassetter tex analog kamera eller VHS \u00a0till en DVD skiva \u00a0Videokvalitet p\u00e5 video \u00a0\u00a0av\u00a0olika ursprung fr\u00e5n Dubbel8 till modern HDvideo visade\u00a0 i modernt videoformat h264\/mpg4\u2026","rel":"","context":"Liknande inl\u00e4gg","block_context":{"text":"Liknande inl\u00e4gg","link":""},"img":{"alt_text":"","src":"https:\/\/i0.wp.com\/fatherben.se\/wordpress\/wp-content\/uploads\/2011\/10\/DS.jpg?resize=350%2C200","width":350,"height":200},"classes":[]},{"id":16128,"url":"https:\/\/fatherben.se\/wordpress\/sidor\/video-hjalpen\/avs-videoeditor-liten-handledning\/","url_meta":{"origin":13554,"position":1},"title":"AVS videoeditor liten handledning","author":"admin","date":"2012-12-19","format":false,"excerpt":"uppdaterat 150102\u00a0 \u00a0 AVS videoeditor kraftfullt hj\u00e4lpmedel att redigera videofilm kostar under 500 kr med gratis uppdateringar och inkluderar ett helt programpaket- Man kan anv\u00e4nda \u00a0AVS videoeditor\u00a0det\u00a0kostar inget\u00a0-\u00a0Vid k\u00f6p f\u00e5r man ett kraftfullt paket med program med gratis uppdatering 1 \u00e5r eller f\u00f6r f\u00f6r all framtid. Bla f\u00e5r man d\u00e5\u2026","rel":"","context":"Liknande inl\u00e4gg","block_context":{"text":"Liknande inl\u00e4gg","link":""},"img":{"alt_text":"AVS","src":"https:\/\/i0.wp.com\/fatherben.se\/wordpress\/wp-content\/uploads\/2012\/12\/AVS1-300x140.jpg?resize=350%2C200","width":350,"height":200},"classes":[]},{"id":103,"url":"https:\/\/fatherben.se\/wordpress\/sidor\/digtalakuten45\/","url_meta":{"origin":13554,"position":2},"title":"DIGITAL-AKUTEN","author":"Bengt","date":"2015-01-04","format":false,"excerpt":"uppdat 190118\u00a0\u00a0 I\u00a0mitt arbete som helpdesk och plattcirklar f\u00f6r\u00a0seniorer\u00a0st\u00f6ter jag regelbundet p\u00e5 samma\u00a0 grundtyp av problem som f\u00f6r den vane anv\u00e4ndaren kan tyckas enkla och banala. Men om\u00a0 man som ovan dator eller plattanv\u00e4ndare har n\u00e5gra stycken s\u00e5dana problemst\u00e4llningar blir anv\u00e4ndandet begr\u00e4nsat och on\u00f6digt sv\u00e5rt. Om Father Ben L\u00f6pande publicerade\u2026","rel":"","context":"Med 2 kommentarer","block_context":{"text":"Med 2 kommentarer","link":"https:\/\/fatherben.se\/wordpress\/sidor\/digtalakuten45\/#comments"},"img":{"alt_text":"fatherben","src":"https:\/\/i0.wp.com\/fatherben.se\/wordpress\/wp-content\/uploads\/2009\/01\/fatherben.gif?resize=350%2C200","width":350,"height":200},"classes":[]},{"id":35578,"url":"https:\/\/fatherben.se\/wordpress\/natverk\/spjalko\/vilda-djur-2020-22-spjalkonas\/","url_meta":{"origin":13554,"position":3},"title":"VILDA DJUR 2020-22 Spj\u00e4lk\u00f6n\u00e4s","author":"admin","date":"2023-11-08","format":false,"excerpt":"Videoclips vilda djur Hopklipp videoclips fr\u00e5n mina 4 viltkameror https:\/\/youtu.be\/-0zIIXQPqIo\u00a0R\u00e5djur https:\/\/youtu.be\/VXNu-SUL2M8\u00a0 R\u00e4v https:\/\/youtu.be\/RbNYta07VxY\u00a0 Gr\u00e4vling https:\/\/youtu.be\/iJEWYksewPA\u00a0\u00a0\u00a0M\u00e5rd https:\/\/youtu.be\/n3vHM8jjh-g\u00a0 Fasan https:\/\/youtu.be\/rKVc2wqk9N8\u00a0 kanin \/hare https:\/\/youtu.be\/wuFe1GaO4bA\u00a0 f\u00e5glar hund o katt","rel":"","context":"Liknande inl\u00e4gg","block_context":{"text":"Liknande inl\u00e4gg","link":""},"img":{"alt_text":"","src":"","width":0,"height":0},"classes":[]},{"id":18670,"url":"https:\/\/fatherben.se\/wordpress\/sidor\/video-hjalpen\/dagbok-laroprocessen-powerdirector-videoredigering\/","url_meta":{"origin":13554,"position":4},"title":"Videoredigering &#8211; powerdirector ett bra komplement till AVS","author":"admin","date":"2013-11-30","format":false,"excerpt":"uppdaterad 150107 Passa p\u00e5 att f\u00e5 n\u00e5gra goa skratt\u00a0\u00a0idag \u00a0g\u00e5 d\u00e5 \u00a0in\u00a0via min Backdoor NU TILL \u00c4MNET Bakgrund Idag \u00a0\u00e4r video f\u00f6r det mesta \u00a0f\u00e4rskvara och det mesta \u00e4r \"b\u00e4st f\u00f6re produkter\" d\u00e5 man skildrar vardagen lika mycket med\u00a0video som med bild- en del video \u00e4r en filmdokumentation \u00f6ver en\u2026","rel":"","context":"Med 2 kommentarer","block_context":{"text":"Med 2 kommentarer","link":"https:\/\/fatherben.se\/wordpress\/sidor\/video-hjalpen\/dagbok-laroprocessen-powerdirector-videoredigering\/#comments"},"img":{"alt_text":"PDmenu","src":"https:\/\/i0.wp.com\/fatherben.se\/wordpress\/wp-content\/uploads\/2013\/11\/PDmenu.jpg?resize=350%2C200","width":350,"height":200},"classes":[]},{"id":18698,"url":"https:\/\/fatherben.se\/wordpress\/father-ben\/om\/21501\/d\/testvideo-hq\/","url_meta":{"origin":13554,"position":5},"title":"Testvideo HD tr\u00e5dl\u00f6st","author":"admin","date":"2013-12-01","format":false,"excerpt":"BENGTS TESTLABB uppdaterat 140115 Passa p\u00e5 att se joke sidorna Father bens\u00a0site \u00e4r en sk \"multipurpose site\" 75% hittar hit\u00a0med s\u00f6kning d\u00e5 m\u00e5nga av artiklarna ligger h\u00f6gt p\u00e5 google n\u00e4r du s\u00f6ker \u00a025% l\u00e4ser alla jokes och ing\u00e5r i n\u00e4tverket \"A good laugh aday\u00a0 keeps the doc away\" Dit n\u00e5r\u2026","rel":"","context":"Liknande inl\u00e4gg","block_context":{"text":"Liknande inl\u00e4gg","link":""},"img":{"alt_text":"","src":"","width":0,"height":0},"classes":[]}],"_links":{"self":[{"href":"https:\/\/fatherben.se\/wordpress\/wp-json\/wp\/v2\/pages\/13554","targetHints":{"allow":["GET"]}}],"collection":[{"href":"https:\/\/fatherben.se\/wordpress\/wp-json\/wp\/v2\/pages"}],"about":[{"href":"https:\/\/fatherben.se\/wordpress\/wp-json\/wp\/v2\/types\/page"}],"author":[{"embeddable":true,"href":"https:\/\/fatherben.se\/wordpress\/wp-json\/wp\/v2\/users\/5"}],"replies":[{"embeddable":true,"href":"https:\/\/fatherben.se\/wordpress\/wp-json\/wp\/v2\/comments?post=13554"}],"version-history":[{"count":2,"href":"https:\/\/fatherben.se\/wordpress\/wp-json\/wp\/v2\/pages\/13554\/revisions"}],"predecessor-version":[{"id":22956,"href":"https:\/\/fatherben.se\/wordpress\/wp-json\/wp\/v2\/pages\/13554\/revisions\/22956"}],"up":[{"embeddable":true,"href":"https:\/\/fatherben.se\/wordpress\/wp-json\/wp\/v2\/pages\/512"}],"wp:attachment":[{"href":"https:\/\/fatherben.se\/wordpress\/wp-json\/wp\/v2\/media?parent=13554"}],"curies":[{"name":"wp","href":"https:\/\/api.w.org\/{rel}","templated":true}]}}