{"id":17870,"date":"2013-08-09T16:10:49","date_gmt":"2013-08-09T15:10:49","guid":{"rendered":"http:\/\/fatherben.se\/wordpress\/?page_id=17870"},"modified":"2016-04-01T17:08:09","modified_gmt":"2016-04-01T16:08:09","slug":"arfaste-toppen-forstarkning","status":"publish","type":"page","link":"https:\/\/fatherben.se\/wordpress\/father-ben\/om\/21501\/d\/arfaste-toppen-forstarkning\/","title":{"rendered":"\u00c5rf\u00e4ste Toppen f\u00f6rst\u00e4rkning"},"content":{"rendered":"<p><a href=\"https:\/\/fatherben.se\/wordpress\/segling-med-den-absolut-basta-kombibaten-som-byggts\/\"><strong>TILLBAKA TILL B\u00c5TEN<\/strong><\/a><em><br \/>\n<a href=\"https:\/\/fatherben.se\/wordpress\/wp-content\/uploads\/2009\/07\/toppen1.jpg\"><img loading=\"lazy\" decoding=\"async\" class=\"alignnone wp-image-17866 size-large\" src=\"https:\/\/fatherben.se\/wordpress\/wp-content\/uploads\/2009\/07\/toppen1-1024x770.jpg\" alt=\"toppen\" width=\"660\" height=\"496\" srcset=\"https:\/\/fatherben.se\/wordpress\/wp-content\/uploads\/2009\/07\/toppen1-1024x770.jpg 1024w, https:\/\/fatherben.se\/wordpress\/wp-content\/uploads\/2009\/07\/toppen1-300x225.jpg 300w\" sizes=\"auto, (max-width: 660px) 100vw, 660px\" \/><\/a> <a href=\"https:\/\/fatherben.se\/wordpress\/segling-med-den-absolut-basta-kombibaten-som-byggts\/\" target=\"_blank\"><em><strong>Mer om Toppen<\/strong><\/em><\/a> <\/em><\/p>\n<p><em>\u00c5rf\u00e4stena p\u00e5 \u00a0segelb\u00e5ten Toppen var lite veka d\u00e5 de bara var fastskruvade med skruv i relingen- h\u00f6ll inte s\u00e4rskilt l\u00e4nge och beslaget lossnade ganska snart Jag f\u00f6rst\u00e4rkte f\u00e4stet redan f\u00f6rsta \u00e5ret genom att tillverka ett beslag \/<em>syrafast st\u00e5l rostfritt<\/em>\/med h\u00e5l f\u00f6r \u00e5rklykan och 4 g\u00e4ngade h\u00e5l som jag satte p\u00e5 undersidan &#8211; s\u00e4nkte ned det och h\u00f6ll med st\u00e5ltr\u00e5d och g\u00e4ngade i bultarna 4 p\u00e5 varje sida. Blev hur starkt som helst&#8211; bilderna talar f\u00f6r sig sj\u00e4lv .<\/em><\/p>\n<p><em><a href=\"https:\/\/fatherben.se\/wordpress\/wp-content\/uploads\/2013\/08\/beslag1.jpg\"><img loading=\"lazy\" decoding=\"async\" class=\"alignnone size-full wp-image-17873\" src=\"https:\/\/fatherben.se\/wordpress\/wp-content\/uploads\/2013\/08\/beslag1.jpg\" alt=\"beslag1\" width=\"683\" height=\"697\" srcset=\"https:\/\/fatherben.se\/wordpress\/wp-content\/uploads\/2013\/08\/beslag1.jpg 683w, https:\/\/fatherben.se\/wordpress\/wp-content\/uploads\/2013\/08\/beslag1-293x300.jpg 293w\" sizes=\"auto, (max-width: 683px) 100vw, 683px\" \/><\/a> <a href=\"https:\/\/fatherben.se\/wordpress\/wp-content\/uploads\/2013\/08\/beslag2.jpg\"><img loading=\"lazy\" decoding=\"async\" class=\"alignnone size-full wp-image-17871\" src=\"https:\/\/fatherben.se\/wordpress\/wp-content\/uploads\/2013\/08\/beslag2.jpg\" alt=\"beslag2\" width=\"567\" height=\"269\" srcset=\"https:\/\/fatherben.se\/wordpress\/wp-content\/uploads\/2013\/08\/beslag2.jpg 567w, https:\/\/fatherben.se\/wordpress\/wp-content\/uploads\/2013\/08\/beslag2-300x142.jpg 300w\" sizes=\"auto, (max-width: 567px) 100vw, 567px\" \/><\/a> <\/em><\/p>\n<p><em><a href=\"https:\/\/fatherben.se\/wordpress\/wp-content\/uploads\/2013\/08\/beslag.jpg\"><img loading=\"lazy\" decoding=\"async\" class=\"alignnone size-full wp-image-17872\" src=\"https:\/\/fatherben.se\/wordpress\/wp-content\/uploads\/2013\/08\/beslag.jpg\" alt=\"beslag\" width=\"567\" height=\"269\" srcset=\"https:\/\/fatherben.se\/wordpress\/wp-content\/uploads\/2013\/08\/beslag.jpg 567w, https:\/\/fatherben.se\/wordpress\/wp-content\/uploads\/2013\/08\/beslag-300x142.jpg 300w\" sizes=\"auto, (max-width: 567px) 100vw, 567px\" \/><\/a><\/em><\/p>\n<p>Anv\u00e4nd en st\u00e5ltr\u00e5d att\u00a0h\u00e5lla beslaget p\u00e5 plats under relingen tills dess bultarna i B g\u00e4ngats p\u00e5- d\u00e4refter ska du kunna dra bort st\u00e5ltr\u00e5den.<\/p>\n<p><em>Tr\u00e4 ner st\u00e5ltr\u00e5den \u00a0i ett av h\u00e5len \u00a0A p\u00e5 relingen och upp i mitth\u00e5let och sen \u00a0i en slinga i h\u00e5len A p\u00e5 beslaget \u00a0och tillbaka ner i mitth\u00e5let och upp hur andra h\u00e5let A p\u00e5 relingen-<\/em><\/p>\n<p>Tr\u00e4 ner beslaget i mitt h\u00e5let och\u00a0dra i st\u00e5ltr\u00e5ds\u00e4ndarna \u00a0genom A\u00a0s\u00e5 att beslaget\u00a0kommer intill relingen underifr\u00e5n.<\/p>\n<p><em>P\u00e5 s\u00e5 s\u00e4tt kan\u00a0beslaget\u00a0 h\u00e5llas p\u00e5 plats vid monteringen av bultar i h\u00e5l B\u00a0&#8211; N\u00e4r bultarna vid B tagit g\u00e4nga \u00a0dra d\u00e5 ur\u00a0st\u00e5ltr\u00e5den\u00a0och dra sen bultarna B en bit s\u00e5 att\u00a0bultarna\u00a0i A kan ta\u00a0g\u00e4nga.\u00a0 Dra sen fast alla\u00a0fyra bultarna- Ett mycket starkt beslag som h\u00e5ller i minst 50 \u00e5r&#8230; \ud83d\ude42<\/em><\/p>\n<p>\/ En lika stark men enklare l\u00f6sning\u00a0\u00e4r\u00a0att borra sm\u00e5 h\u00e5l I A f\u00f6r st\u00e5ltr\u00e5den\u00a0och g\u00f6ra beslaget kortare och sen skydda dragh\u00e5len med vanlig rostfri skruv &#8230; version\u00a0 2.0 2016 \ud83d\ude42<\/p>\n<p><em>\u00a0 \u00a0<a href=\"https:\/\/fatherben.se\/wordpress\/wp-content\/uploads\/2013\/08\/b\u00e5t1.jpg\"><img loading=\"lazy\" decoding=\"async\" class=\"alignnone size-full wp-image-17874\" src=\"https:\/\/fatherben.se\/wordpress\/wp-content\/uploads\/2013\/08\/b\u00e5t1.jpg\" alt=\"b\u00e5t1\" width=\"1000\" height=\"750\" srcset=\"https:\/\/fatherben.se\/wordpress\/wp-content\/uploads\/2013\/08\/b\u00e5t1.jpg 1000w, https:\/\/fatherben.se\/wordpress\/wp-content\/uploads\/2013\/08\/b\u00e5t1-300x225.jpg 300w\" sizes=\"auto, (max-width: 1000px) 100vw, 1000px\" \/><\/a><\/em><\/p>\n","protected":false},"excerpt":{"rendered":"<p>TILLBAKA TILL B\u00c5TEN Mer om Toppen \u00c5rf\u00e4stena p\u00e5 \u00a0segelb\u00e5ten Toppen var lite veka d\u00e5 de bara var fastskruvade med skruv i relingen- h\u00f6ll inte s\u00e4rskilt l\u00e4nge och beslaget lossnade ganska snart Jag f\u00f6rst\u00e4rkte f\u00e4stet redan f\u00f6rsta \u00e5ret genom att tillverka ett beslag \/syrafast st\u00e5l rostfritt\/med h\u00e5l f\u00f6r \u00e5rklykan och 4 g\u00e4ngade h\u00e5l som jag satte [&hellip;]<\/p>\n","protected":false},"author":1,"featured_media":0,"parent":19864,"menu_order":0,"comment_status":"open","ping_status":"open","template":"","meta":{"footnotes":""},"class_list":["post-17870","page","type-page","status-publish","hentry"],"jetpack_shortlink":"https:\/\/wp.me\/P1IAXy-4Ee","jetpack_sharing_enabled":true,"jetpack-related-posts":[{"id":20073,"url":"https:\/\/fatherben.se\/wordpress\/father-ben\/om\/21501\/d\/toppen-riggning-med-alla-beslag\/","url_meta":{"origin":17870,"position":0},"title":"Toppen riggning med alla beslag","author":"admin","date":"2014-08-02","format":false,"excerpt":"BILDER P\u00c5 ALLA BESLAG NEDAN Liten instruktion att g\u00f6ra klart f\u00f6r segling av Toppen Orginalriggen mast och bom \u00e4r av mycket h\u00f6g kvalitet i Aluminium och beslag av syrafast st\u00e5l Mastmontage Man \u00e4r l\u00e4mpligen 2 som monterar masten och g\u00f6r det vid stranden eller p\u00e5 handtrailer p\u00e5 land- en som\u2026","rel":"","context":"Med 2 kommentarer","block_context":{"text":"Med 2 kommentarer","link":"https:\/\/fatherben.se\/wordpress\/father-ben\/om\/21501\/d\/toppen-riggning-med-alla-beslag\/#comments"},"img":{"alt_text":"","src":"https:\/\/i0.wp.com\/fatherben.se\/wordpress\/wp-content\/uploads\/2014\/08\/toppen001-150x150.jpg?resize=350%2C200&ssl=1","width":350,"height":200,"srcset":"https:\/\/i0.wp.com\/fatherben.se\/wordpress\/wp-content\/uploads\/2014\/08\/toppen001-150x150.jpg?resize=350%2C200&ssl=1 1x, https:\/\/i0.wp.com\/fatherben.se\/wordpress\/wp-content\/uploads\/2014\/08\/toppen001-150x150.jpg?resize=525%2C300&ssl=1 1.5x, https:\/\/i0.wp.com\/fatherben.se\/wordpress\/wp-content\/uploads\/2014\/08\/toppen001-150x150.jpg?resize=700%2C400&ssl=1 2x"},"classes":[]},{"id":20160,"url":"https:\/\/fatherben.se\/wordpress\/father-ben\/om\/21501\/d\/toppen-i-lulea\/","url_meta":{"origin":17870,"position":1},"title":"Toppen i Lule\u00e5","author":"admin","date":"2014-08-09","format":false,"excerpt":"\u00a0 Tillbaka till Toppen","rel":"","context":"Med 1 kommentar","block_context":{"text":"Med 1 kommentar","link":"https:\/\/fatherben.se\/wordpress\/father-ben\/om\/21501\/d\/toppen-i-lulea\/#comments"},"img":{"alt_text":"bild 2","src":"https:\/\/i0.wp.com\/fatherben.se\/wordpress\/wp-content\/uploads\/2014\/08\/bild-2-1024x764.jpg?resize=350%2C200","width":350,"height":200,"srcset":"https:\/\/i0.wp.com\/fatherben.se\/wordpress\/wp-content\/uploads\/2014\/08\/bild-2-1024x764.jpg?resize=350%2C200 1x, https:\/\/i0.wp.com\/fatherben.se\/wordpress\/wp-content\/uploads\/2014\/08\/bild-2-1024x764.jpg?resize=525%2C300 1.5x"},"classes":[]},{"id":20259,"url":"https:\/\/fatherben.se\/wordpress\/father-ben\/om\/21501\/d\/motorplacering\/","url_meta":{"origin":17870,"position":2},"title":"Motorplacering Toppen kombib\u00e5t","author":"admin","date":"2014-09-19","format":false,"excerpt":"Om man anv\u00e4nder b\u00e5ten som kombib\u00e5t l\u00e4mplig motor 4\u00a0-\u00a05 hk l\u00e5ng rigg placerad p\u00e5 motorf\u00e4stet- b\u00e5ten g\u00f6r 6 knop med 5 Hk Honda tillbaka till Toppen \u00a0","rel":"","context":"Med 2 kommentarer","block_context":{"text":"Med 2 kommentarer","link":"https:\/\/fatherben.se\/wordpress\/father-ben\/om\/21501\/d\/motorplacering\/#comments"},"img":{"alt_text":"toppen","src":"https:\/\/i0.wp.com\/fatherben.se\/wordpress\/wp-content\/uploads\/2014\/09\/toppen-1024x768.jpg?resize=350%2C200","width":350,"height":200,"srcset":"https:\/\/i0.wp.com\/fatherben.se\/wordpress\/wp-content\/uploads\/2014\/09\/toppen-1024x768.jpg?resize=350%2C200 1x, https:\/\/i0.wp.com\/fatherben.se\/wordpress\/wp-content\/uploads\/2014\/09\/toppen-1024x768.jpg?resize=525%2C300 1.5x"},"classes":[]},{"id":7287,"url":"https:\/\/fatherben.se\/wordpress\/father-ben\/om\/21501\/d\/profile-father-ben-site\/bryggombyggnad-2010\/anteckningar-bryggbygge\/","url_meta":{"origin":17870,"position":3},"title":"Teknik och erfarenheter bryggbygge med stenkistor","author":"bengt39","date":"2010-08-09","format":false,"excerpt":"Uppdaterad 100818 Passa p\u00e5 att se joke sidorna Father bens\u00a0site \u00e4r en sk \"multipurpose site\" 75% hittar hit\u00a0med s\u00f6kning d\u00e5 m\u00e5nga av artiklarna ligger h\u00f6gt p\u00e5 google n\u00e4r du s\u00f6ker \u00a025% l\u00e4ser alla jokes och ing\u00e5r i n\u00e4tverket \"A good laugh aday\u00a0 keeps the doc away\" Dit n\u00e5r du genom\u2026","rel":"","context":"Liknande inl\u00e4gg","block_context":{"text":"Liknande inl\u00e4gg","link":""},"img":{"alt_text":"","src":"https:\/\/i0.wp.com\/fatherben.se\/wordpress\/wp-content\/uploads\/2009\/10\/digakutlogo.jpg?resize=350%2C200","width":350,"height":200},"classes":[]},{"id":19889,"url":"https:\/\/fatherben.se\/wordpress\/father-ben\/om\/21501\/d\/toppenbeslag-pa-bom\/","url_meta":{"origin":17870,"position":4},"title":"Toppen beslag p\u00e5 bom","author":"admin","date":"2014-06-01","format":false,"excerpt":"Nedanst\u00e5ende beslag h\u00e5ller fast\u00a0bommen mot masten det \u00e4r en sk linl\u00f6p 20-8 mm och i nylon \u00a0den var popnitad fr\u00e5n b\u00f6rjan men lagad och\u00a0fastatt med skruv o mutter-Samma beslag sitter i andra \u00e4ndan av bommen f\u00f6rdirken ( linan som h\u00e5ller uppe bommen\u00a0n\u00e4r inte segel finns p\u00e5sat)t.\u00a0Om man vill ha upp\u2026","rel":"","context":"Liknande inl\u00e4gg","block_context":{"text":"Liknande inl\u00e4gg","link":""},"img":{"alt_text":"toppen","src":"https:\/\/i0.wp.com\/fatherben.se\/wordpress\/wp-content\/uploads\/2009\/07\/toppen1.jpg?resize=350%2C200","width":350,"height":200,"srcset":"https:\/\/i0.wp.com\/fatherben.se\/wordpress\/wp-content\/uploads\/2009\/07\/toppen1.jpg?resize=350%2C200 1x, https:\/\/i0.wp.com\/fatherben.se\/wordpress\/wp-content\/uploads\/2009\/07\/toppen1.jpg?resize=525%2C300 1.5x, https:\/\/i0.wp.com\/fatherben.se\/wordpress\/wp-content\/uploads\/2009\/07\/toppen1.jpg?resize=700%2C400 2x, https:\/\/i0.wp.com\/fatherben.se\/wordpress\/wp-content\/uploads\/2009\/07\/toppen1.jpg?resize=1050%2C600 3x, https:\/\/i0.wp.com\/fatherben.se\/wordpress\/wp-content\/uploads\/2009\/07\/toppen1.jpg?resize=1400%2C800 4x"},"classes":[]},{"id":28356,"url":"https:\/\/fatherben.se\/wordpress\/father-ben\/om\/21501\/erfarenheter-justar-eldriven-golfvagn\/","url_meta":{"origin":17870,"position":5},"title":"Erfarenheter Justar eldriven golfvagn","author":"admin","date":"2019-02-10","format":false,"excerpt":"DAGBOK ERFARENHETER JUSTAR uppdaterad 220213 i dagboksanteckningar L\u00c4NK TILL J\u00c4MF\u00d6RELSESIDAN GOLFVAGNAR VAL AV VAGN DAGBOK 2022- fj\u00e4rde golf\u00e5ret med vagnen DAGBOK 2021 DAGBOK 2020 DAGBOK 2019 DIVERSE ERFARENHETER ERFARENHETER MOBY DICK VAL AV VAGN SAMMANFATTNING ERFARENHETER\u00a0 Utan tvekan b\u00e4st i klassen vad avser teknisk l\u00f6sning och enkelhet att anv\u00e4nda. Allt\u2026","rel":"","context":"Liknande inl\u00e4gg","block_context":{"text":"Liknande inl\u00e4gg","link":""},"img":{"alt_text":"","src":"https:\/\/i0.wp.com\/fatherben.se\/wordpress\/wp-content\/uploads\/2019\/01\/Juostar.jpg?resize=350%2C200","width":350,"height":200},"classes":[]}],"_links":{"self":[{"href":"https:\/\/fatherben.se\/wordpress\/wp-json\/wp\/v2\/pages\/17870","targetHints":{"allow":["GET"]}}],"collection":[{"href":"https:\/\/fatherben.se\/wordpress\/wp-json\/wp\/v2\/pages"}],"about":[{"href":"https:\/\/fatherben.se\/wordpress\/wp-json\/wp\/v2\/types\/page"}],"author":[{"embeddable":true,"href":"https:\/\/fatherben.se\/wordpress\/wp-json\/wp\/v2\/users\/1"}],"replies":[{"embeddable":true,"href":"https:\/\/fatherben.se\/wordpress\/wp-json\/wp\/v2\/comments?post=17870"}],"version-history":[{"count":17,"href":"https:\/\/fatherben.se\/wordpress\/wp-json\/wp\/v2\/pages\/17870\/revisions"}],"predecessor-version":[{"id":24719,"href":"https:\/\/fatherben.se\/wordpress\/wp-json\/wp\/v2\/pages\/17870\/revisions\/24719"}],"up":[{"embeddable":true,"href":"https:\/\/fatherben.se\/wordpress\/wp-json\/wp\/v2\/pages\/19864"}],"wp:attachment":[{"href":"https:\/\/fatherben.se\/wordpress\/wp-json\/wp\/v2\/media?parent=17870"}],"curies":[{"name":"wp","href":"https:\/\/api.w.org\/{rel}","templated":true}]}}