{"id":22763,"date":"2015-03-06T07:30:32","date_gmt":"2015-03-06T06:30:32","guid":{"rendered":"http:\/\/fatherben.se\/wordpress\/?page_id=22763"},"modified":"2019-02-27T20:19:19","modified_gmt":"2019-02-27T19:19:19","slug":"sillarodsslakten","status":"publish","type":"page","link":"https:\/\/fatherben.se\/wordpress\/natverk\/sillarodsslakten\/","title":{"rendered":"Sillar\u00f6dssl\u00e4kten"},"content":{"rendered":"<p>Uppdaterad\u00a020160109<\/p>\n<p>Utdrag <a href=\"https:\/\/fatherben.se\/wordpress\/natverk\/slaktforskning-agert-akerson\/\" target=\"_blank\" rel=\"noopener noreferrer\">Sl\u00e4ktforskning <\/a>\u00a0Bengt Agert<\/p>\n<p><strong>Farmor Betty Andersson Sillar\u00f6d<\/strong><\/p>\n<p><strong>Betty Andersson f\u00f6dd Svensson i Sillar\u00f6d\u00a0<\/strong><\/p>\n<p><a href=\"https:\/\/fatherben.se\/wordpress\/wp-content\/uploads\/2015\/03\/betty.jpg\"><img loading=\"lazy\" decoding=\"async\" class=\"alignnone size-full wp-image-22769\" src=\"https:\/\/fatherben.se\/wordpress\/wp-content\/uploads\/2015\/03\/betty.jpg\" alt=\"betty\" width=\"232\" height=\"300\" \/><\/a>\u00a0 \u00a0 \u00a0 <a href=\"https:\/\/fatherben.se\/wordpress\/wp-content\/uploads\/2015\/03\/nils.jpg\"><img loading=\"lazy\" decoding=\"async\" class=\"alignnone size-full wp-image-22768\" src=\"https:\/\/fatherben.se\/wordpress\/wp-content\/uploads\/2015\/03\/nils.jpg\" alt=\"nils\" width=\"213\" height=\"300\" \/><\/a><\/p>\n<p>&nbsp;<\/p>\n<p><a href=\"https:\/\/fatherben.se\/wordpress\/wp-content\/uploads\/2015\/03\/betty-andersson.jpg\"><img loading=\"lazy\" decoding=\"async\" class=\"alignnone wp-image-22767\" src=\"https:\/\/fatherben.se\/wordpress\/wp-content\/uploads\/2015\/03\/betty-andersson.jpg\" alt=\"betty-andersson\" width=\"232\" height=\"134\" \/><\/a>\u00a0<a href=\"https:\/\/fatherben.se\/wordpress\/wp-content\/uploads\/2015\/03\/nils-andersson1.jpg\"><img loading=\"lazy\" decoding=\"async\" class=\"alignnone wp-image-22766\" src=\"https:\/\/fatherben.se\/wordpress\/wp-content\/uploads\/2015\/03\/nils-andersson1.jpg\" alt=\"nils-andersson1\" width=\"232\" height=\"122\" \/><\/a><\/p>\n<p>Nils Bernhard \u00a0Agert \u00e4r Bengts far och Nils Andersson Bengts farfar <em>Klicka p\u00e5 bild<\/em> \u00a0se \u00e4ven Tab 81 \u00a0<a href=\"https:\/\/dcms.lds.org\/delivery\/DeliveryManagerServlet?dps_pid=IE2192919\" target=\"_blank\" rel=\"noopener noreferrer\">en sk\u00e5nsk bondestam<\/a><\/p>\n<p><a href=\"https:\/\/fatherben.se\/wordpress\/wp-content\/uploads\/2015\/03\/NilsAgert.jpg\"><img loading=\"lazy\" decoding=\"async\" class=\"alignnone wp-image-22771 size-full\" src=\"https:\/\/fatherben.se\/wordpress\/wp-content\/uploads\/2015\/03\/NilsAgert.jpg\" alt=\"NilsAgert\" width=\"845\" height=\"650\" srcset=\"https:\/\/fatherben.se\/wordpress\/wp-content\/uploads\/2015\/03\/NilsAgert.jpg 845w, https:\/\/fatherben.se\/wordpress\/wp-content\/uploads\/2015\/03\/NilsAgert-300x231.jpg 300w\" sizes=\"auto, (max-width: 845px) 100vw, 845px\" \/><\/a><\/p>\n<p>Det finns mycket intressanta sl\u00e4ktfakta \u00a0utredda kring sl\u00e4ktgrenarna bak\u00e5t fr\u00e5n Bettys\u00a0far -och morsida.<\/p>\n<p>Man bodde p\u00e5 Astersta\u00a0Sillar\u00f6d 2\u00a0som var en gammal sl\u00e4ktg\u00e5rd\u00a0p\u00e5 Per Svenssons sida\u00a0och ursprunglingen ett rusth\u00e5ll som frik\u00f6ptes p\u00e5 1700talet av kronan.<\/p>\n<p>De flesta g\u00e5rdarna i Sillar\u00f6d var p\u00e5 denna tid arrendeg\u00e5rdar till Christenhof-<\/p>\n<p>Att bli sin egen fr\u00e5n att ha varit arrendebonde \u00e5t Christinehofs slott (Piper) var ett mycket stort steg i statush\u00f6jning p\u00e5 den tiden-De som <b>inte \u00e4gde jord hade l\u00e5g status . ! <\/b><\/p>\n<p>Sven Persson och efterf\u00f6ljande generationer var\u00a0aktade m\u00e4n i bygden.<\/p>\n<p>Det var\u00a0viktigt att ha\u00a0 f\u00f6rtroendeposter som f\u00f6rutom \u00e4gandet gav en h\u00f6g status i bygden och sl\u00e4ktingarna\u00a0 var ju ocks\u00e5 n\u00e4mndem\u00e4n och har haft\u00a0 olika f\u00f6rtroendeposter i\u00a0 generation efter generation. Astersta s\u00e5ldes av sl\u00e4kten 1989\u00a0men k\u00f6ptes sedan tillbaka igen 2005\u00a0och\u00a0med\u00a0<a href=\"http:\/\/www.ystadsallehanda.se\/tomelilla\/livsstil-mjolkbondeveterinar\/\" target=\"_blank\" rel=\"noopener noreferrer\">nuvarande \u00e4gare<\/a>\u00a0\u00e4r g\u00e5rden kvar \u00a0i sl\u00e4kten 2015.<\/p>\n<p>P\u00e5 Bettys mors Bengtas\u00a0sida \u00e4r <strong>Flagabrosl\u00e4kten<\/strong> av s\u00e4rskilt intresse de var m\u00f6llare baserad p\u00e5 vind och vattenkraft och driftigt folk. Pengar\u00a0som Bettys mor Bengta (1) fick n\u00e4r hon blev utl\u00f6st \u00a0av en bror finansierade kanske\u00a0Per Svenssons k\u00f6p av annan mark o g\u00e5rd p\u00e5 Sillar\u00f6d 2\u00a0?<\/p>\n<p><strong>SILLAR\u00d6D p\u00e5 farsidan Betty\u00a0<\/strong><\/p>\n<p><i>Det fanns tre g\u00e5rdar i Sillar\u00f6d 1651 &#8211; en \u00e4gd av kungen, en av Tage Thott, och en av Jochum Beck som drev alunbruket i Andrarum och senare s\u00e5lde delar av byn till sl\u00e4kten Piper, som i sin tur \u00e5r 1853 s\u00e5lde Sillar\u00f6d 1 och 3 till Vollsj\u00f6-riksdagsmannen Ola Svensson f\u00f6r 100 000 riksdaler. (1796-1863)- Mycket pengar p\u00e5 den tiden!\u00a0<\/i><i>Inget <\/i><i>\u00e4r n\u00e4mnt om Sillar\u00f6d 2 (kanske kungens mark 1651??) &#8211;\u00a0 kyrkob\u00f6ckerna f\u00f6rst\u00f6rdes n\u00e4r <strong>Andrarums pr\u00e4stg\u00e5rd brann ner i mitten av 1800 talet<\/strong> och det \u00e4r sv\u00e5rt att hitta n\u00e5got tiden f\u00f6re Bengts farmors farfar\u00a0 Sven Persson den v\u00e4gen. Sl\u00e4kten Pipers Christinehof och Alunbruket\u00a0 pr\u00e4glade bygden vid denna tid (utdrag l\u00e4nsstyrelsen).<\/i><\/p>\n<p><strong>Sillar\u00f6dskarta 1926\u00a0<\/strong><\/p>\n<p><em>Klicka p\u00e5 kartan<\/em><\/p>\n<p><a href=\"https:\/\/fatherben.se\/wordpress\/wp-content\/uploads\/2015\/03\/sillarodkarta1926s123.jpg\"><img loading=\"lazy\" decoding=\"async\" class=\"alignnone size-full wp-image-22772\" src=\"https:\/\/fatherben.se\/wordpress\/wp-content\/uploads\/2015\/03\/sillarodkarta1926s123.jpg\" alt=\"sillarodkarta1926s123\" width=\"640\" height=\"268\" srcset=\"https:\/\/fatherben.se\/wordpress\/wp-content\/uploads\/2015\/03\/sillarodkarta1926s123.jpg 640w, https:\/\/fatherben.se\/wordpress\/wp-content\/uploads\/2015\/03\/sillarodkarta1926s123-300x126.jpg 300w\" sizes=\"auto, (max-width: 640px) 100vw, 640px\" \/><\/a><\/p>\n<div><\/div>\n<div>Tore Karlsson Kalmar\u00a0 kusin\u00a0\u00a0till Bengt Agert\u00a0(son till Bengts faster\u00a0Gertrud)\u00a0har under \u00e5ren gjort efterforskningar och anteckningar fram till\u00a02010 enligt nedan.<\/div>\n<div><\/div>\n<div>Enl uppgift fanns det\u00a07 Sillar\u00f6dsg\u00e5rdar<\/div>\n<div><\/div>\n<div><span style=\"font-family: Arial; font-size: small;\"><strong>Sillar\u00f6d 1<\/strong> b\u00f6r motsvara <strong>Fridhill,<\/strong> d\u00e4r riksdagsmannen Sven J\u00f6nsson skall ha bott p\u00e5 1920-talet.<\/span><\/div>\n<div><\/div>\n<div><span style=\"font-family: Arial; font-size: small;\"><strong>Sillar\u00f6d 2<\/strong>\u00a0 \u00e4r Sven Perssons och Per Svenssons sl\u00e4ktg\u00e5rd d\u00e4r Betty, Sofia , Matilda\u00a0 och Gustav och alla de andra syskonen v\u00e4xte upp. Den kallas<strong> Astersta<\/strong> (st\u00e5r p\u00e5 topograf kartan).Namnet s\u00e4gs vara efter en \u00e5ker, men nu vet ingen varf\u00f6r. <b>&#8221;V\u00e5r&#8221; Per Svensson kallades den \u00e4ldre<\/b>.<\/span><\/div>\n<div><span style=\"font-family: Arial; font-size: small;\">Det fanns n\u00e4mligen en <b>kusin eller n\u00e4stkusin till honom, som ocks\u00e5 hette Per Svensson vid ungef\u00e4r samma tid,<\/b> men han kallades den yngre f\u00f6rst\u00e5s. Han<\/span><\/div>\n<div><span style=\"font-family: Arial; font-size: small;\">bodde\u00a0 troligen p\u00e5 en mindre g\u00e5rd, men som ocks\u00e5 kallades Sillar\u00f6d 2- <b>Per Svensson d \u00e4 k\u00f6pte upp denna g\u00e5rd<\/b> och d\u00e4r kunde Bettys syster Matilda s\u00e4tta upp tv\u00e5 stora v\u00e4vstolar.\u00a0Sillar\u00f6d 2\u00a0togs sedan \u00f6ver av sonen Swen och sedan av sonsonen \u00c5ke.<\/span><\/div>\n<div><span style=\"font-family: Arial; font-size: small;\"><b>Sillar\u00f6d 2 blev tidigt frik\u00f6pt,<\/b> troligen under 1700-talet\u00a0 (1768 verifierat nedan)\u00a0, och lydde inte under Christinehof, som m\u00e5nga andra g\u00e5rdar runtom i trakterna. \u00a0<\/span><\/div>\n<div><\/div>\n<div><span style=\"font-family: Arial; font-size: small;\"><strong>Sillar\u00f6d 3<\/strong> \u00e4r det samma som Sillar\u00f6dsg\u00e5rden p\u00e5 topograf kartan\u00a0<\/span><\/div>\n<div><\/div>\n<div><span style=\"font-family: Arial; font-size: small;\"><strong>Ur\u00e5sa<\/strong> var ytterligare en g\u00e5rd i Sillar\u00f6d. D\u00e4r bodde senare Per Svenssons sondotter Brita med familj.<\/span><\/div>\n<div><span style=\"font-family: Arial; font-size: small;\">F\u00f6rr fanns en v\u00e4g mellan Astersta och Ur\u00e5sa intill Sillar\u00f6dsb\u00e4cken.<\/span><\/div>\n<div><\/div>\n<div><span style=\"font-family: Arial; font-size: small;\"><strong>Nybo <\/strong>\u00e4r ytterligare en gammal g\u00e5rd i Sillar\u00f6d.<\/span><\/div>\n<div><\/div>\n<div><span style=\"font-family: Arial; font-size: small;\">P\u00e5 <b>Ljungan<\/b>, en g\u00e5rd s\u00f6der om Astersta, bodde en kortare tid Per Svenssons son Gustav (gift med Betty). De flyttade senare till Baskem\u00f6lla d\u00e4r de hade en fruktodling.<\/span><\/div>\n<div><\/div>\n<div><span style=\"font-family: Arial; font-size: small;\">Per Svenssons mor hette Bengta\u00a0 och sedan gifte han sig med tv\u00e5 Bengtor<b>.<\/b><\/span><\/div>\n<div><span style=\"font-family: Arial; font-size: small;\">Bengta 1 (som \u00e4r mor till bl a v\u00e5r Betty) har f\u00e5tt sin sl\u00e4kt utredd av en h\u00e4radsh\u00f6vding K\u00f6rlof i Haparanda. Den sl\u00e4kten kallas<a name=\"Flagabro\"><\/a> Flagabrosl\u00e4kten efter en g\u00e5rd (eller by) strax s\u00f6der om St Olof. De allra \u00e4ldsta delarna \u00e4r nog lite spekulationer.<\/span><\/div>\n<div><\/div>\n<div><span style=\"font-family: Arial; font-size: small;\">Tyv\u00e4rr har ju <b>Andrarums kyrkoarkiv<\/b> n\u00e4stan helt brunnit upp, men det finns n\u00e5gra som f\u00f6rs\u00f6kt restaurera det.<\/span><\/div>\n<div><span style=\"font-family: Arial; font-size: small;\"><b>Arkiv Digital <\/b>\u00e4r\u00a0 ett utm\u00e4rkt och l\u00e4ttl\u00e4st material f\u00f6r sl\u00e4ktforskning. D\u00e4r finns snart alla Sveriges kyrkb\u00f6cker fotograferade och inskannade f\u00f6r digital s\u00f6kning. D\u00e4r finns bland annat Sillar\u00f6ds byabok att l\u00e4sa som str\u00e4cker sig till 1910. Man kan sj\u00e4lv prenumerera p\u00e5 Arkiv Digital, men det finns ocks\u00e5 p\u00e5 de flesta bibliotek\u00a0 och d\u00e5 helt gratis.<\/span><\/div>\n<div><span style=\"font-family: Arial; font-size: small;\"><br \/>\nD\u00e4r kan man l\u00e4sa att &#8221;v\u00e5r&#8221; Pehr Svensson d\u00e4 \u00e4gde <b>1\/6 mantal p\u00e5 sitt Sillar\u00f6d 2.<\/b> \u00c4gde dessutom en l<b>iten del av Ilstorp No 1 med 29\/1024 mantal<\/b>. Han var b\u00e5de landstingsman och kyrkv\u00e4rd och trol igen en b\u00e5de respektabel och respektingivande person. G\u00e5rden hade dr\u00e4ngar och pigor och Pehrs b\u00e5da f\u00f6r\u00e4ldrar som inhyses p\u00e5 undantag.( <i>undantaget var allts\u00e5 f\u00f6re faderns d\u00f6d!! Bengtskommentar<\/i>)<br \/>\nMan kan ock\u00e5 l\u00e4sa att 26\/10 1902 lyste det f\u00f6r Betty och mejeristen Nils Andersson fr Frenninge.(Bs fm och ff)<\/span><span style=\"font-family: Arial; font-size: small;\">Per Svensson d y p\u00e5 en annan Sillar\u00f6d No 2-g\u00e5rd \u00e4gde 1\/24 mantal. Han var f\u00f6dd 16\/12 1853 i Andrarum och dog redan 1902 av magkr\u00e4fta. Han hustru och de 10 barnen bodde kvar inhyses 1 \u00e5r och flyttade 1903 till \u00d6 K\u00e4rrstorp. Troligen k\u00f6pte Pehr Svensson d \u00e4 g\u00e5rden d\u00e5.<br \/>\nI <b>byaboken<\/b> f\u00f6r Sillar\u00f6ds by st\u00e5r att 1909 var Pehr Svensson \u00e5lderman f\u00f6r m\u00f6tet, som h\u00f6lls som vanligt p\u00e5 valborgsm\u00e4ssoafton i samband med en sup\u00e9 och d\u00e4refter dryftade man gemenamma fr\u00e5gor<\/span><\/div>\n<div><\/div>\n<div>Bengts anm: <em>Vid ett bes\u00f6k i Sillar\u00f6d 2010 pratade jag med \u00e4garen till Sillar\u00f6dsg\u00e5rden som d\u00e5 p\u00e5stod att l\u00e5ngt\u00a0bak i tiden l\u00e5g g\u00e5rden \u00a0Sillar\u00f6d 2 dvs nuvarande&#8221;Astersta&#8221; p\u00e5 andra sidan v\u00e4gen dvs p\u00e5 samma sida som\u00a0Sillar\u00f6dsg\u00e5rden mot infartsv\u00e4gen till Nybo g\u00e5rd \u00a0( se gr\u00f6na kartan nedan) och det\u00a0fanns grundstenar kvar d\u00e4r- kanske kronohemmanet l\u00e5g d\u00e4r fr\u00e5n b\u00f6rjan. N\u00e4r flyttades g\u00e5rden och kallades\u00a0Astersta???<\/em><\/div>\n<div><\/div>\n<div>Som kuriosa att v\u00e4rlden \u00e4r liten:\u00a0<b> <\/b><\/div>\n<div><em>Bengt A\u00a0har en\u00a0j\u00e4mn\u00e5rig bekant\u00a0i Lund\u00a0som\u00a0\u00e4r b\u00f6rdig fr\u00e5n granng\u00e5rden Bernstorp Sillar\u00f6d 3.13? (se kartan) Han har\u00a0v\u00e4xt upp i Sillar\u00f6d och k\u00e4nde sen uppv\u00e4xttiden v\u00e4l till \u00c5ke, Aina p\u00e5 Astersta\u00a0 och Brita \u00c5kes syster\u00a0 p\u00e5 Ur\u00e5sa och Ture som var \u00c5kes bror.<\/em><\/div>\n<div><\/div>\n<div><em>En annan j\u00e4mn\u00e5rig bekant i Lund har sl\u00e4ktingen Vollsj\u00f6-riksdagsmannen Ola Svensson\u00a0som k\u00f6pte Sillar\u00f6d 1 och 3 av Piper 1853.<\/em><\/div>\n<div><\/div>\n<div><em> V\u00e4rlden \u00e4r liten bland sk\u00e5ningar&#8230;som Bengt\u00a0nog f\u00e5r kalla sig trots \u00a0f\u00f6dd \u00a0\u00f6stg\u00f6te.<\/em><\/div>\n<div><\/div>\n<p><strong>Sl\u00e4kten Per Svensson<\/strong> p\u00e5 farsidan \u00e4r utrett av\u00a0Per Svenssons sonson, \u00c5ke Svensson\u00a0som\u00a0har sl\u00e4ktforskat. Genom Aina som varit gift med \u00c5ke har Tore Karlsson f\u00e5tt ta del av detta. Per och \u00c5ke Svensson se<\/p>\n<p>Per Svenssons far <strong>Sven Persson<\/strong> 1814-1872 var f\u00f6dd Sillar\u00f6d 3 och dog Sillar\u00f6d 2<\/p>\n<p>farfar Per \u00c5kesson 1784-1845 b\u00e5de f\u00f6dd och d\u00f6d Sillar\u00f6d 3<br \/>\nfarfars far \u00c5ke Svensson ca 1752-1819 levde p\u00e5 Sillar\u00f6d 3<br \/>\nfarfars farfar Sven \u00c5kesson ca 1720-1793 Sillar\u00f6d 3<br \/>\nfarfars farfar \u00c5ke Svensson fanns p\u00e5 1730-talet p\u00e5 Sillar\u00f6d 3<br \/>\nfarfars farfars far Sven Olufsson Sillar\u00f6d 1600-talet<br \/>\nfarfars farfars farfar Oluf Andersson chronobonde Sillar\u00f6d 1600talet<\/p>\n<p><strong>G\u00e5rdar i Sillar\u00f6d<\/strong><\/p>\n<p>Sillar\u00f6d 2 Astersta frik\u00f6ptes 1768 av Kronan av Simon Persson d\u00f6d 1809 och \u00f6vertogs av hans son \u00c5ke Simonsson . \u00c5r 1841 \u00f6vertog systersonen\u00a0<strong>Sven Persson<\/strong>\u00a0(Per Svenssons far ovan) g\u00e5rden. K\u00e4llan \u00e4r Svenska gods och lantg\u00e5rdar. <em>Klicka p\u00e5 bilden<\/em><\/p>\n<p><a href=\"https:\/\/fatherben.se\/wordpress\/wp-content\/uploads\/2015\/03\/sillgardaar44.jpg\"><img loading=\"lazy\" decoding=\"async\" class=\"alignnone size-full wp-image-22773\" src=\"https:\/\/fatherben.se\/wordpress\/wp-content\/uploads\/2015\/03\/sillgardaar44.jpg\" alt=\"sillgardaar44\" width=\"640\" height=\"853\" srcset=\"https:\/\/fatherben.se\/wordpress\/wp-content\/uploads\/2015\/03\/sillgardaar44.jpg 640w, https:\/\/fatherben.se\/wordpress\/wp-content\/uploads\/2015\/03\/sillgardaar44-225x300.jpg 225w\" sizes=\"auto, (max-width: 640px) 100vw, 640px\" \/><\/a><\/p>\n<p><strong>Karta \u00f6ver Sillar\u00f6d 2000-talet<\/strong><\/p>\n<p><em>Klicka p\u00e5 kartan<\/em><\/p>\n<p><a href=\"https:\/\/fatherben.se\/wordpress\/wp-content\/uploads\/2015\/03\/sillarod2000.jpg\"><img loading=\"lazy\" decoding=\"async\" class=\"alignnone wp-image-22774 size-full\" src=\"https:\/\/fatherben.se\/wordpress\/wp-content\/uploads\/2015\/03\/sillarod2000.jpg\" alt=\"sillarod2000\" width=\"640\" height=\"291\" srcset=\"https:\/\/fatherben.se\/wordpress\/wp-content\/uploads\/2015\/03\/sillarod2000.jpg 640w, https:\/\/fatherben.se\/wordpress\/wp-content\/uploads\/2015\/03\/sillarod2000-300x136.jpg 300w\" sizes=\"auto, (max-width: 640px) 100vw, 640px\" \/><\/a><\/p>\n<p>&nbsp;<\/p>\n<p>Tore Karlsson har sammanst\u00e4llt \u00a0dokument -pdf format<\/p>\n<p><a href=\"https:\/\/diversb.files.wordpress.com\/2015\/02\/a-betty-i-sillarod.pdf\">A BETTY I SILLAROD<\/a><\/p>\n<p><a href=\"https:\/\/diversb.files.wordpress.com\/2015\/02\/b-betty-slaktbilder.pdf\">B BETTY SLAKTBILDER<\/a><\/p>\n<p><strong>FLAGABROSL\u00c4KTEN p\u00e5 \u00a0Bettys mors Bengta\u00a0(1)\u00a0sida\u00a0<\/strong><\/p>\n<p>Inledning l\u00e4s denna sida\u00a0i faster M\u00e4rthas <a href=\"http:\/\/fben.se\/PROJNA\/BettySslakt\/ppages\/ppage3.htm\" target=\"_blank\" rel=\"noopener noreferrer\">sl\u00e4ktfakta Per Svensson med inriktning Flagabrosl\u00e4kten <\/a><\/p>\n<p>Flagabrom\u00f6llarna\u00a0var driftiga m\u00f6llare vatten och vind och Bettys mor Bengta\u00a0erh\u00f6ll en del pengar n\u00e4r brodern l\u00f6ste ut syskonen fr\u00e5n kvarnr\u00f6relsen som s\u00e4kert\u00a0kom Sillar\u00f6d 2 till del och st\u00e4rkte\u00a0landsbygdsmannen Per Svensson st\u00e4llning i bygden<\/p>\n<p><strong>Flagabro -sp\u00e5ret 100124 Lars Agert \u00a0(Bengt bror)<\/strong><\/p>\n<p>Jag fick napp idag. Jag talade med G\u00f6sta K\u00f6rlov som \u00e4r v\u00e5r 4-m\u00e4nning ( Hans far Bj\u00f6rn K\u00f6rlov var syssling med Nils &amp; Gertrud)<br \/>\nJag bifogar en sammanst\u00e4llning av detta samtal.<\/p>\n<p>Han \u00e4r i besittning av ett helt\u00e4ckande sl\u00e4kttr\u00e4d fr\u00e5n 1540 fram t.o.m Sven Larsons barnbarn.)<br \/>\nHan har lovat att skicka denna bibba till mig .Kanske kan det komma n\u00e5got nytt ur detta.<br \/>\nDessutom har jag f\u00e5tt lov att telefonintervjua hans far Bj\u00f6rn K\u00f6rlov. Enligt G\u00f6sta har fadern m\u00e5nga muntliga sl\u00e4kthistorier.att<br \/>\nber\u00e4tta.<\/p>\n<p><strong>Anteckningar efter telefon samtal med G\u00f6sta K\u00f6rlov , T\u00e4by den 24 januari 2010<\/strong><\/p>\n<p><strong>\u00a0<\/strong>Vi utg\u00e5r fr\u00e5n <strong><a href=\"http:\/\/fben.se\/PROJNA\/BettySslakt\/ppages\/ppage6.htm\" target=\"_blank\" rel=\"noopener noreferrer\">Sven Larsson<\/a><\/strong>\u00a0(1806 \u2013 1880) som i sitt f\u00f6rsta gifte bl.a. fick sonen<\/p>\n<p><strong>Anders Svensson (<\/strong>1842-1921) och ytterligare 7 syskon.<\/p>\n<p>I sitt andra gifte fick han bl.a<strong>. Bengta Svensdotter<\/strong> (1850-1890) ( Nils Agerts mormor) tillsammans med ytterligare 6 syskon<\/p>\n<p><strong><a href=\"http:\/\/fben.se\/PROJNA\/BettySslakt\/ppages\/ppage6.htm\" target=\"_blank\" rel=\"noopener noreferrer\">Sven Larsson<\/a><\/strong> hade s\u00e5ledes sammanlagt 15 barn.<\/p>\n<p>Han var \u00a0bl.a \u00e4gare av Flagabro kvarn (och Smedstorps kvarn ? ) samt ett antal g\u00e5rdar. \u00c4ven hans bror M\u00e5ns Larsson \u00e4gde flera g\u00e5rdar (och n\u00e5gon av kvarnarna ?.)Detta var s\u00e5ledes mycket driftiga herrar.<\/p>\n<p><em>Klicka p\u00e5 karta<\/em><\/p>\n<p><a href=\"https:\/\/fatherben.se\/wordpress\/wp-content\/uploads\/2015\/03\/flagabro.jpg\"><img loading=\"lazy\" decoding=\"async\" class=\"alignnone size-full wp-image-22775\" src=\"https:\/\/fatherben.se\/wordpress\/wp-content\/uploads\/2015\/03\/flagabro.jpg\" alt=\"flagabro\" width=\"556\" height=\"530\" srcset=\"https:\/\/fatherben.se\/wordpress\/wp-content\/uploads\/2015\/03\/flagabro.jpg 556w, https:\/\/fatherben.se\/wordpress\/wp-content\/uploads\/2015\/03\/flagabro-300x286.jpg 300w\" sizes=\"auto, (max-width: 556px) 100vw, 556px\" \/><\/a><\/p>\n<p>Vid Sven Larssons d\u00f6d s\u00e5 l\u00f6ste \u00e4ldsta sonen Anders Svenson ut sina d\u00e5 levande syskon och \u00f6vertog alla g\u00e5rdar och kvarnarna. Troligtvis finansierades det hela med att flera av \u00a0g\u00e5rdanar s\u00e5ldes.I vilket fall s\u00e5 erh\u00f6ll s\u00e4kert Bengta Svensson en ganska stor summa pengar\u00a0 som kanske anv\u00e4ndes f\u00f6r finansiering av k\u00f6pet av g\u00e5rden i Sillar\u00f6d ( min egen fundering).<\/p>\n<p>Sven Larsson far, <strong>Lars Svensson<\/strong> (1774-1831) hade varit med i n\u00e5got krig ( 1809 ??) och n\u00e4r han kom hem fick han k\u00f6pa en g\u00e5rd och kvarnen av n\u00e5gon milit\u00e4r.Han var ocks\u00e5 driftig och blev \u00e4gare till fler g\u00e5rdar.<\/p>\n<p>Det finns uppgifter p\u00e5 att en avhandling har skrivits om denna Lars Svensson och som finns f\u00f6rvarat i n\u00e5got arkiv n\u00e5gonstans.<\/p>\n<p>Han blev en g\u00e5ng kallad till tinget f\u00f6r att han i strid med skr\u00e5-reglerna malde med tv\u00e5 stenar ist\u00e4llet f\u00f6r med endast en sten \u00a0som var till\u00e5tet.<\/p>\n<p>Han tr\u00e4ffade sin andra fru p\u00e5 en auktion. En kvinna i hans n\u00e4rhet hade fr\u00e5gat :\u201dVad spekulerar Du i h\u00e4r i dag ?\u201d. Han svarade direkt : \u201d i Dig\u201d.<\/p>\n<p>Han och hans far &amp; farfar samt sonen Sven Larsson ( 4 generationer ) ligger begravda\u00a0 p\u00e5 kyrkog\u00e5rden i Smedstorp.<\/p>\n<p>F\u00f6r \u00f6vrigt ber\u00e4ttas det att Flagarbokvarnen drevs ihop med en vattendriven kvarn s\u00e5 man var p\u00e5 det s\u00e4ttet oberoende av v\u00e4der &amp; vind.Man f\u00f6rfogade \u00f6ver s\u00e5 stor malningskapacitet att man importerade r\u00e5g fr\u00e5n Baltikum.Ingen av kvarnarna finns kvar idag men det finns ett minnesm\u00e4rke d\u00e4r Flagabro kvarn stod.<\/p>\n<p>Tore Karlsson har samlat in intressanta dokument om Flagabrosl\u00e4kten<\/p>\n<p><a href=\"https:\/\/diversb.files.wordpress.com\/2015\/02\/c-betty-slaktfakta.pdf\">C BETTY SLAKTFAKTA<\/a><\/p>\n<p><a href=\"https:\/\/diversb.files.wordpress.com\/2015\/02\/d-betty-loshult-sillarod-flagabro.pdf\">D BETTY LOSHULT SILLAROD FLAGABRO<\/a><\/p>\n<p><a href=\"http:\/\/fben.se\/PROJNA\/BettySslakt\/ppages\/ppage1.htm\">Sl\u00e4kten Per Svensson<\/a>\u00a0(d\u00e4)\u00a0nedtecknat av Bengt\u00a0Agerts faster M\u00e4rtha.<\/p>\n<p>&nbsp;<\/p>\n<p>&nbsp;<\/p>\n<p>&nbsp;<\/p>\n<p>&nbsp;<\/p>\n<p>&nbsp;<\/p>\n","protected":false},"excerpt":{"rendered":"<p>Uppdaterad\u00a020160109 Utdrag Sl\u00e4ktforskning \u00a0Bengt Agert Farmor Betty Andersson Sillar\u00f6d Betty Andersson f\u00f6dd Svensson i Sillar\u00f6d\u00a0 \u00a0 \u00a0 \u00a0 &nbsp; \u00a0 Nils Bernhard \u00a0Agert \u00e4r Bengts far och Nils Andersson Bengts farfar Klicka p\u00e5 bild \u00a0se \u00e4ven Tab 81 \u00a0en sk\u00e5nsk bondestam Det finns mycket intressanta sl\u00e4ktfakta \u00a0utredda kring sl\u00e4ktgrenarna bak\u00e5t fr\u00e5n Bettys\u00a0far -och morsida. Man [&hellip;]<\/p>\n","protected":false},"author":1,"featured_media":0,"parent":1955,"menu_order":0,"comment_status":"open","ping_status":"open","template":"","meta":{"footnotes":""},"class_list":["post-22763","page","type-page","status-publish","hentry"],"jetpack_shortlink":"https:\/\/wp.me\/P1IAXy-5V9","jetpack_sharing_enabled":true,"jetpack-related-posts":[],"_links":{"self":[{"href":"https:\/\/fatherben.se\/wordpress\/wp-json\/wp\/v2\/pages\/22763","targetHints":{"allow":["GET"]}}],"collection":[{"href":"https:\/\/fatherben.se\/wordpress\/wp-json\/wp\/v2\/pages"}],"about":[{"href":"https:\/\/fatherben.se\/wordpress\/wp-json\/wp\/v2\/types\/page"}],"author":[{"embeddable":true,"href":"https:\/\/fatherben.se\/wordpress\/wp-json\/wp\/v2\/users\/1"}],"replies":[{"embeddable":true,"href":"https:\/\/fatherben.se\/wordpress\/wp-json\/wp\/v2\/comments?post=22763"}],"version-history":[{"count":45,"href":"https:\/\/fatherben.se\/wordpress\/wp-json\/wp\/v2\/pages\/22763\/revisions"}],"predecessor-version":[{"id":28549,"href":"https:\/\/fatherben.se\/wordpress\/wp-json\/wp\/v2\/pages\/22763\/revisions\/28549"}],"up":[{"embeddable":true,"href":"https:\/\/fatherben.se\/wordpress\/wp-json\/wp\/v2\/pages\/1955"}],"wp:attachment":[{"href":"https:\/\/fatherben.se\/wordpress\/wp-json\/wp\/v2\/media?parent=22763"}],"curies":[{"name":"wp","href":"https:\/\/api.w.org\/{rel}","templated":true}]}}