{"id":25886,"date":"2019-03-26T11:35:16","date_gmt":"2019-03-26T10:35:16","guid":{"rendered":"http:\/\/fatherben.se\/wordpress\/?page_id=25886"},"modified":"2021-10-14T09:54:52","modified_gmt":"2021-10-14T08:54:52","slug":"internet-funkar-inte-i-datorn-sa-har-gor-du","status":"publish","type":"page","link":"https:\/\/fatherben.se\/wordpress\/father-ben\/om\/21501\/d\/internet-funkar-inte-i-datorn-sa-har-gor-du\/","title":{"rendered":"Fels\u00f6kning  om Internet inte funkar i dator med Windows 10"},"content":{"rendered":"<p><em>publicerad f\u00f6rsta g\u00e5ngen dec 2016 fortfarande lika aktuell..<\/em><\/p>\n<p>\u00c5TG\u00c4RDSLISTA<\/p>\n<p><strong>1<\/strong> <strong>\u00c4r routern ig\u00e5ng?<\/strong> Klicka p\u00e5 n\u00e4tverksikonen l\u00e4ngst ned till h\u00f6ger p\u00e5 sk\u00e4rmen och se att n\u00e4tverket \u00e4r inkopplat- funkar inte internet till datorn st\u00e5r det\u00a0tydligt\u00a0att datorn inte \u00e4r uppkopplad till internet .<\/p>\n<p><strong>2<\/strong>\u00a0<strong>Kolla att internet fungerar<\/strong>\u00a0tex genom att ansluta en mobil eller platta till WiFi n\u00e4tverket eller ring operat\u00f6ren<\/p>\n<p><strong>3 St\u00e4ng av dator och router och starta sen routern och d\u00e4refter starta datorn<\/strong>\u00a0det brukar l\u00f6sa en del problem.<\/p>\n<h3><span style=\"color: #ff0000;\"><strong>DU TROR ATT DU ST\u00c4NGT AV DATORN MEN GJORT FEL \u00c4R DET VANLIGASTE FELET EFTER EN ST\u00d6RRE UPPDATERING<\/strong><\/span><\/h3>\n<p><span style=\"color: #ff0000;\">OBSERVERA<\/span> <strong>starta verkligen om datorn<\/strong> genom att klicka p\u00e5 flaggan \u00a0nere till v\u00e4nster\u00a0 och v\u00e4lj<strong> starta om<\/strong><\/p>\n<p><img decoding=\"async\" src=\"https:\/\/fatherben.se\/wordpress\/wp-content\/uploads\/2016\/12\/fels7.jpg\" \/><\/p>\n<p><strong> start\/stoppknappen kanske \u00a0inte r\u00e4cker ?<\/strong>\u00a0<strong><span style=\"color: #ff0000;\">Den kan vara inst\u00e4lld p\u00e5 vilol\u00e4ge \u00a0d\u00e5 sker ingen omstart! Det felet har m\u00e5nga gjort som f\u00e5tt problem med internet efter en uppdatering.<\/span><\/strong><\/p>\n<p>Man\u00a0kan st\u00e4lla in\u00a0<strong>start\/stopp knappen<\/strong> via <strong>kontrollpanelen<\/strong>\/energilalternativ\/Ange hur str\u00f6mbrytarna ska fungera<\/p>\n<p>St\u00e4ll in start\/stopp knappen p\u00e5 <strong>st\u00e4ng av<\/strong> och spara s\u00e5 kan man anv\u00e4nda den knappen att verkligen<strong> st\u00e4nga av<\/strong> och<strong> sen starta igen<\/strong><\/p>\n<p>Med en laptop kan man samtidigt \u00a0st\u00e4lla in s\u00e5 att datorn g\u00e5r i vilol\u00e4ge n\u00e4r locket st\u00e4ngs och det \u00e4r praktiskt. Men starta g\u00e4rna om datorn n\u00e5gon g\u00e5ng i veckan som rutin annars kan det bli problem vid en uppdatering som kr\u00e4ver omstart.<\/p>\n<p><strong>4<\/strong>\u00a0Om fortfarande inte internet fungerar f\u00f6rs\u00f6k med <strong>Fels\u00f6kning av N\u00e4tverket<\/strong><\/p>\n<p>Skriv <strong>fel<\/strong> i s\u00f6krutan ( f\u00f6rstoringsglas)\u00a0<a href=\"https:\/\/fatherben.se\/wordpress\/wp-content\/uploads\/2016\/12\/fels2.jpg\"><img loading=\"lazy\" decoding=\"async\" class=\"alignnone size-full wp-image-25879\" src=\"https:\/\/fatherben.se\/wordpress\/wp-content\/uploads\/2016\/12\/fels2.jpg\" alt=\"\" width=\"113\" height=\"71\" \/><\/a><\/p>\n<p>V\u00e4lj sen \u00a0<strong>Fels\u00f6k n\u00e4tverket\u00a0<\/strong>i rutan som kommer upp<\/p>\n<p><a href=\"https:\/\/fatherben.se\/wordpress\/wp-content\/uploads\/2016\/12\/fels1.jpg\"><img loading=\"lazy\" decoding=\"async\" class=\"alignnone size-full wp-image-25880\" src=\"https:\/\/fatherben.se\/wordpress\/wp-content\/uploads\/2016\/12\/fels1.jpg\" alt=\"\" width=\"327\" height=\"155\" srcset=\"https:\/\/fatherben.se\/wordpress\/wp-content\/uploads\/2016\/12\/fels1.jpg 327w, https:\/\/fatherben.se\/wordpress\/wp-content\/uploads\/2016\/12\/fels1-300x142.jpg 300w\" sizes=\"auto, (max-width: 327px) 100vw, 327px\" \/><\/a><\/p>\n<p>Klicka \u00a0sen p\u00e5 <strong>fels\u00f6karen n\u00e4tverk<\/strong><\/p>\n<p><a href=\"https:\/\/fatherben.se\/wordpress\/wp-content\/uploads\/2016\/12\/fels3.jpg\"><img loading=\"lazy\" decoding=\"async\" class=\"alignnone size-full wp-image-25881\" src=\"https:\/\/fatherben.se\/wordpress\/wp-content\/uploads\/2016\/12\/fels3.jpg\" alt=\"\" width=\"446\" height=\"198\" srcset=\"https:\/\/fatherben.se\/wordpress\/wp-content\/uploads\/2016\/12\/fels3.jpg 446w, https:\/\/fatherben.se\/wordpress\/wp-content\/uploads\/2016\/12\/fels3-300x133.jpg 300w\" sizes=\"auto, (max-width: 446px) 100vw, 446px\" \/><\/a><\/p>\n<p>Om fels\u00f6kning en visar\u00a0olika fel <strong>som inte kunde repareras<\/strong>\u00a0d\u00e4r kanske n\u00e5got <strong>hade med IPnummer att g\u00f6ra?<\/strong> g\u00e5 d\u00e5 till 6\u00a0och g\u00f6r en fels\u00f6kning till av maskinvara .<\/p>\n<p><strong>5<\/strong>\u00a0<strong>Kommandotolken<\/strong><\/p>\n<p>Om fortfarande inte \u00a0internet fungerar kan man anv\u00e4nda kommandotolken och ta bort alla anslutningar till routern och sen f\u00f6rnya dem igen.<\/p>\n<p>Klicka p\u00e5 f\u00f6rstoringsglaset \u00a0l\u00e4ngst ned till v\u00e4nster p\u00e5 sk\u00e4rmen<\/p>\n<p>Skriv <strong>cmd<\/strong> s\u00e5 startas kommandotolken<\/p>\n<p><a href=\"https:\/\/fatherben.se\/wordpress\/wp-content\/uploads\/2016\/12\/start.jpg\"><img loading=\"lazy\" decoding=\"async\" class=\"alignnone size-full wp-image-25889\" src=\"https:\/\/fatherben.se\/wordpress\/wp-content\/uploads\/2016\/12\/start.jpg\" alt=\"\" width=\"468\" height=\"105\" srcset=\"https:\/\/fatherben.se\/wordpress\/wp-content\/uploads\/2016\/12\/start.jpg 468w, https:\/\/fatherben.se\/wordpress\/wp-content\/uploads\/2016\/12\/start-300x67.jpg 300w\" sizes=\"auto, (max-width: 468px) 100vw, 468px\" \/><\/a><\/p>\n<p>Skriv in ( utan mellanslag)\u00a0<strong> ipconfig\/release<\/strong> efter C:\\users\\&#8221;ditt namn&#8221;&gt;<\/p>\n<p><a href=\"https:\/\/fatherben.se\/wordpress\/wp-content\/uploads\/2016\/12\/release.jpg\"><img loading=\"lazy\" decoding=\"async\" class=\"alignnone size-full wp-image-25891\" src=\"https:\/\/fatherben.se\/wordpress\/wp-content\/uploads\/2016\/12\/release.jpg\" alt=\"\" width=\"495\" height=\"121\" srcset=\"https:\/\/fatherben.se\/wordpress\/wp-content\/uploads\/2016\/12\/release.jpg 495w, https:\/\/fatherben.se\/wordpress\/wp-content\/uploads\/2016\/12\/release-300x73.jpg 300w\" sizes=\"auto, (max-width: 495px) 100vw, 495px\" \/><\/a><\/p>\n<p>Tryck p\u00e5 enter och skriv sen p\u00e5 samma s\u00e4tt \u00a0<strong>ipconfig\/renew<\/strong><\/p>\n<p><a href=\"https:\/\/fatherben.se\/wordpress\/wp-content\/uploads\/2016\/12\/renew.jpg\"><img loading=\"lazy\" decoding=\"async\" class=\"alignnone size-full wp-image-25890\" src=\"https:\/\/fatherben.se\/wordpress\/wp-content\/uploads\/2016\/12\/renew.jpg\" alt=\"\" width=\"453\" height=\"107\" srcset=\"https:\/\/fatherben.se\/wordpress\/wp-content\/uploads\/2016\/12\/renew.jpg 453w, https:\/\/fatherben.se\/wordpress\/wp-content\/uploads\/2016\/12\/renew-300x71.jpg 300w\" sizes=\"auto, (max-width: 453px) 100vw, 453px\" \/><\/a><\/p>\n<p>tryck p\u00e5 enter igen d\u00e5\u00a0har anslutningarna till routern f\u00f6rnyats<\/p>\n<p><strong>Kommer ett meddelande upp om ett fel i proceduren\u00a0<\/strong>har man antingen inte skrivit in texten exakt som den ska vara eller s\u00e5 \u00e4r det ett annat fel ( framg\u00e5r av text som kmmer upp i kommandotolken). Om det st\u00e5r att det inte finns kontakt med routern <strong>g\u00f6r d\u00e5 \u00e5tg\u00e4rder enligt punkt\u00a06 nedan<\/strong><\/p>\n<p>&nbsp;<\/p>\n<p>&nbsp;<\/p>\n<p>6\u00a0 <strong>FELS\u00d6KNING\u00a0av komponenter<\/strong><\/p>\n<p>Skriv <strong>fels\u00f6kning<\/strong> i s\u00f6krutan ( f\u00f6rstoringsglas)<\/p>\n<p>Klicka sen p\u00e5<strong> fels\u00f6k och \u00e5tg\u00e4rda problem med enheter<\/strong><\/p>\n<p><a href=\"https:\/\/fatherben.se\/wordpress\/wp-content\/uploads\/2016\/12\/fels4.jpg\"><img loading=\"lazy\" decoding=\"async\" class=\"alignnone size-full wp-image-25882\" src=\"https:\/\/fatherben.se\/wordpress\/wp-content\/uploads\/2016\/12\/fels4.jpg\" alt=\"\" width=\"336\" height=\"184\" srcset=\"https:\/\/fatherben.se\/wordpress\/wp-content\/uploads\/2016\/12\/fels4.jpg 336w, https:\/\/fatherben.se\/wordpress\/wp-content\/uploads\/2016\/12\/fels4-300x164.jpg 300w\" sizes=\"auto, (max-width: 336px) 100vw, 336px\" \/><\/a><\/p>\n<p>Nu kommer alla fels\u00f6kningsalternativ upp<\/p>\n<p><a href=\"https:\/\/fatherben.se\/wordpress\/wp-content\/uploads\/2016\/12\/fels8.jpg\"><img loading=\"lazy\" decoding=\"async\" class=\"alignnone size-full wp-image-25896\" src=\"https:\/\/fatherben.se\/wordpress\/wp-content\/uploads\/2016\/12\/fels8.jpg\" alt=\"\" width=\"531\" height=\"341\" srcset=\"https:\/\/fatherben.se\/wordpress\/wp-content\/uploads\/2016\/12\/fels8.jpg 531w, https:\/\/fatherben.se\/wordpress\/wp-content\/uploads\/2016\/12\/fels8-300x193.jpg 300w\" sizes=\"auto, (max-width: 531px) 100vw, 531px\" \/><\/a><\/p>\n<p>V\u00e4lj <strong>Konfigurera en enhet<\/strong> under <strong>maskinvara och ljud<\/strong> d\u00e5 kommer nedanst\u00e5ende\u00a0ruta\u00a0upp.<\/p>\n<p><a href=\"https:\/\/fatherben.se\/wordpress\/wp-content\/uploads\/2016\/12\/fels6.jpg\"><img loading=\"lazy\" decoding=\"async\" class=\"alignnone size-full wp-image-25884\" src=\"https:\/\/fatherben.se\/wordpress\/wp-content\/uploads\/2016\/12\/fels6.jpg\" alt=\"\" width=\"553\" height=\"421\" srcset=\"https:\/\/fatherben.se\/wordpress\/wp-content\/uploads\/2016\/12\/fels6.jpg 553w, https:\/\/fatherben.se\/wordpress\/wp-content\/uploads\/2016\/12\/fels6-300x228.jpg 300w\" sizes=\"auto, (max-width: 553px) 100vw, 553px\" \/><\/a><\/p>\n<p>Klicka p\u00e5<strong> n\u00e4sta<\/strong> s\u00e5 startar en fels\u00f6kning och ev reparation.<\/p>\n<p>Man f\u00e5r reda p\u00e5 om n\u00e5got \u00a0fel funnits\u00a0och ev rekommendation<\/p>\n<p>Fel\u00a0som repareras denna v\u00e4g \u00e4r tex om\u00a0<strong>uppdatering av windows av n\u00e5gon anledning inte fullf\u00f6ljts med en omstart<\/strong> Dessutom kan\u00a0\u00a0man \u00a0ges m\u00f6jlighet att aktivera s\u00e5 att vissa drivrutiner ocks\u00e5 uppdaterades via windows.<\/p>\n<p><strong>7<\/strong>\u00a0<strong> FEL P\u00c5 H\u00c5RDVARA<\/strong> Funkar internet i datorn fortfarande inte kan det var n\u00e5t fel p\u00e5 h\u00e5rdvaran i datorn d\u00e4r n\u00e4tverkskortet f\u00f6r WiFi kan misst\u00e4nkas &#8211; l\u00e4mna in datorn f\u00f6r \u00f6versyn !<\/p>\n<p>&nbsp;<\/p>\n","protected":false},"excerpt":{"rendered":"<p>publicerad f\u00f6rsta g\u00e5ngen dec 2016 fortfarande lika aktuell.. \u00c5TG\u00c4RDSLISTA 1 \u00c4r routern ig\u00e5ng? Klicka p\u00e5 n\u00e4tverksikonen l\u00e4ngst ned till h\u00f6ger p\u00e5 sk\u00e4rmen och se att n\u00e4tverket \u00e4r inkopplat- funkar inte internet till datorn st\u00e5r det\u00a0tydligt\u00a0att datorn inte \u00e4r uppkopplad till internet . 2\u00a0Kolla att internet fungerar\u00a0tex genom att ansluta en mobil eller platta till WiFi [&hellip;]<\/p>\n","protected":false},"author":1,"featured_media":0,"parent":19864,"menu_order":0,"comment_status":"closed","ping_status":"closed","template":"","meta":{"jetpack_post_was_ever_published":false,"footnotes":""},"class_list":["post-25886","page","type-page","status-publish","hentry"],"jetpack_shortlink":"https:\/\/wp.me\/P1IAXy-6Jw","jetpack_sharing_enabled":true,"jetpack-related-posts":[{"id":18849,"url":"https:\/\/fatherben.se\/wordpress\/father-ben\/om\/21501\/d\/gora-aterstallningenhet-pa-usb-minne-windows-8\/","url_meta":{"origin":25886,"position":0},"title":"G\u00f6ra \u00e5terst\u00e4llningenhet p\u00e5 USB-minne Windows 8","author":"admin","date":"2013-12-10","format":false,"excerpt":"Passa p\u00e5 att se joke sidorna Father bens\u00a0site \u00e4r en sk \"multipurpose site\" 75% hittar hit\u00a0med s\u00f6kning d\u00e5 m\u00e5nga av artiklarna ligger h\u00f6gt p\u00e5 google n\u00e4r du s\u00f6ker \u00a025% l\u00e4ser alla jokes och ing\u00e5r i n\u00e4tverket \"A good laugh aday\u00a0 keeps the doc away\" Dit n\u00e5r du genom att ligga\u00a0p\u00e5\u2026","rel":"","context":"Liknande inl\u00e4gg","block_context":{"text":"Liknande inl\u00e4gg","link":""},"img":{"alt_text":"","src":"","width":0,"height":0},"classes":[]},{"id":10785,"url":"https:\/\/fatherben.se\/wordpress\/father-ben\/om\/21501\/d\/bacup-med-flera-datorer-och-en-extern-harddisk\/","url_meta":{"origin":25886,"position":1},"title":"Bacup med flera datorer och en extern h\u00e5rddisk","author":"bengt39","date":"2011-04-16","format":false,"excerpt":"uppdat 110420 Passa p\u00e5 att se joke sidorna Father bens\u00a0site \u00e4r en sk \"multipurpose site\" 75% hittar hit\u00a0med s\u00f6kning d\u00e5 m\u00e5nga av artiklarna ligger h\u00f6gt p\u00e5 google n\u00e4r du s\u00f6ker \u00a025% l\u00e4ser alla jokes och ing\u00e5r i n\u00e4tverket \"A good laugh aday\u00a0 keeps the doc away\" Dit n\u00e5r du genom\u2026","rel":"","context":"Liknande inl\u00e4gg","block_context":{"text":"Liknande inl\u00e4gg","link":""},"img":{"alt_text":"","src":"","width":0,"height":0},"classes":[]},{"id":14182,"url":"https:\/\/fatherben.se\/wordpress\/sidor\/digtalakuten45\/spela-microbridge-via-internet-och-en-gemnsam-folder-pa-dropbox\/","url_meta":{"origin":25886,"position":2},"title":"Spela Microbridge via internet och en gemensam folder p\u00e5 dropbox","author":"bengt39","date":"2012-04-02","format":false,"excerpt":"Det tar lite tid \u00f6ver internet och det blir lite v\u00e4ntetid- man f\u00e5r en f\u00f6rvarning n\u00e4r dropbox uppdateras n\u00e4r medspelarem gjort ett drag och det \u00e4r ens egen tur att spela. Viktigt att komma ih\u00e5g att det kr\u00e4vs ett klick hos b\u00e5da f\u00f6r att \u00a0b\u00f6rja, ta bort ett spel om\u2026","rel":"","context":"Liknande inl\u00e4gg","block_context":{"text":"Liknande inl\u00e4gg","link":""},"img":{"alt_text":"","src":"","width":0,"height":0},"classes":[]},{"id":103,"url":"https:\/\/fatherben.se\/wordpress\/sidor\/digtalakuten45\/","url_meta":{"origin":25886,"position":3},"title":"DIGITAL-AKUTEN","author":"Bengt","date":"2015-01-04","format":false,"excerpt":"uppdat 190118\u00a0\u00a0 I\u00a0mitt arbete som helpdesk och plattcirklar f\u00f6r\u00a0seniorer\u00a0st\u00f6ter jag regelbundet p\u00e5 samma\u00a0 grundtyp av problem som f\u00f6r den vane anv\u00e4ndaren kan tyckas enkla och banala. Men om\u00a0 man som ovan dator eller plattanv\u00e4ndare har n\u00e5gra stycken s\u00e5dana problemst\u00e4llningar blir anv\u00e4ndandet begr\u00e4nsat och on\u00f6digt sv\u00e5rt. Om Father Ben L\u00f6pande publicerade\u2026","rel":"","context":"Med 2 kommentarer","block_context":{"text":"Med 2 kommentarer","link":"https:\/\/fatherben.se\/wordpress\/sidor\/digtalakuten45\/#comments"},"img":{"alt_text":"fatherben","src":"https:\/\/i0.wp.com\/fatherben.se\/wordpress\/wp-content\/uploads\/2009\/01\/fatherben.gif?resize=350%2C200","width":350,"height":200},"classes":[]},{"id":25485,"url":"https:\/\/fatherben.se\/wordpress\/father-ben\/om\/21501\/d\/ra-boer-virus-dator\/","url_meta":{"origin":25886,"position":4},"title":"TA BORT VIRUS FR\u00c5N W10 DATOR","author":"admin","date":"2016-08-14","format":false,"excerpt":"KANSKE DU HAR VIRUS i DATORN Om du har\u00a0en eller flera av nedanst\u00e5ende tecken har du en virusinfekterad dator \u00e4ven om ditt virusskydd inte hittar f\u00f6r en trojan eller orm kan ha\u00a0smugit sig in och kan konsten att lura virusskyddet. TECKEN P\u00c5 VIRUS I DATORN 1 Datorn startar v\u00e4ldigt l\u00e5ngsamt\u2026","rel":"","context":"Liknande inl\u00e4gg","block_context":{"text":"Liknande inl\u00e4gg","link":""},"img":{"alt_text":"","src":"","width":0,"height":0},"classes":[]},{"id":24225,"url":"https:\/\/fatherben.se\/wordpress\/father-ben\/om\/21501\/d\/tips-vid-casting-med-chromecast\/","url_meta":{"origin":25886,"position":5},"title":"TIPS  STREAMA TV CASTING MED CHROMECAST","author":"admin","date":"2021-11-19","format":false,"excerpt":"publicerat dec 2015 senast uppdaterat 211119 MER TIPS L\u00c4NGRE NED Se TV via internet med Chromecast ansluten till TVn och styr med mobilen som fj\u00e4rrkontroll-\u00a0 casting= \u00f6verf\u00f6ra inneh\u00e5ll\u00a0 p\u00e5 mobilsk\u00e4rmen till TV sk\u00e4rmen- det som h\u00e4nder \u00e4r att TVn ansluts till routern -mobilen kan sen anv\u00e4ndas till annat -f\u00f6r att\u2026","rel":"","context":"Liknande inl\u00e4gg","block_context":{"text":"Liknande inl\u00e4gg","link":""},"img":{"alt_text":"","src":"https:\/\/i0.wp.com\/fatherben.se\/wordpress\/wp-content\/uploads\/2016\/12\/Chromecast-2015.jpg?resize=350%2C200","width":350,"height":200},"classes":[]}],"_links":{"self":[{"href":"https:\/\/fatherben.se\/wordpress\/wp-json\/wp\/v2\/pages\/25886","targetHints":{"allow":["GET"]}}],"collection":[{"href":"https:\/\/fatherben.se\/wordpress\/wp-json\/wp\/v2\/pages"}],"about":[{"href":"https:\/\/fatherben.se\/wordpress\/wp-json\/wp\/v2\/types\/page"}],"author":[{"embeddable":true,"href":"https:\/\/fatherben.se\/wordpress\/wp-json\/wp\/v2\/users\/1"}],"replies":[{"embeddable":true,"href":"https:\/\/fatherben.se\/wordpress\/wp-json\/wp\/v2\/comments?post=25886"}],"version-history":[{"count":11,"href":"https:\/\/fatherben.se\/wordpress\/wp-json\/wp\/v2\/pages\/25886\/revisions"}],"predecessor-version":[{"id":33153,"href":"https:\/\/fatherben.se\/wordpress\/wp-json\/wp\/v2\/pages\/25886\/revisions\/33153"}],"up":[{"embeddable":true,"href":"https:\/\/fatherben.se\/wordpress\/wp-json\/wp\/v2\/pages\/19864"}],"wp:attachment":[{"href":"https:\/\/fatherben.se\/wordpress\/wp-json\/wp\/v2\/media?parent=25886"}],"curies":[{"name":"wp","href":"https:\/\/api.w.org\/{rel}","templated":true}]}}