{"id":27224,"date":"2018-01-23T11:27:13","date_gmt":"2018-01-23T10:27:13","guid":{"rendered":"http:\/\/fatherben.se\/wordpress\/?page_id=27224"},"modified":"2022-01-20T13:04:18","modified_gmt":"2022-01-20T12:04:18","slug":"jamforelse-overvakningkameror-kjell-o-co","status":"publish","type":"page","link":"https:\/\/fatherben.se\/wordpress\/jamforelse-overvakningkameror-kjell-o-co\/","title":{"rendered":"J\u00c4MF\u00d6RELSE \u00d6VERVAKNINGKAMEROR KJELL O CO"},"content":{"rendered":"<p>Uppdaterad 180227<\/p>\n<p>Unders\u00f6ker lite hur man kan anv\u00e4nda moderna billiga \u00f6vervakningskameror som saluf\u00f6rs av\u00a0 bla Kjell o CO<\/p>\n<p><a href=\"https:\/\/fatherben.se\/wordpress\/sparvagn-i-lund-och-det-eviga-gravandet\/\" target=\"_blank\" rel=\"noopener\"><em><strong>L\u00e4s om den p\u00e5g\u00e5ende utv\u00e4rderingen<\/strong><\/em><\/a><\/p>\n<p><strong>F\u00f6ljer prisutvecklingen<\/strong> p\u00e5 n\u00e5gra intressanta kameror\u00a0som kan spara\u00a0 bild och video till molnet p\u00e5 en FTP-server<\/p>\n<p>F\u00f6r medlem Kjell o Co kommer <strong>ofta erbjudanden att k\u00f6pa till riktigt bra pris<\/strong> H\u00e4r lite intressanta kameror d\u00e4r kravet \u00e4r att kameran automatiskt ska kunna spara till molnet en FTP-server som \u00e4r betydligt enklare \u00e4n att ha en egen NAS server<\/p>\n<p><strong><a href=\"https:\/\/fatherben.se\/wordpress\/wp-content\/uploads\/2018\/02\/Oversikt_Mydlink-kameror.pdf\" target=\"_blank\" rel=\"noopener\">\u00d6versikt_Mydlink-kameror<\/a><\/strong><\/p>\n<h3>Klicka p\u00e5 bilder och l\u00e4s viktiga egenskaper<\/h3>\n<p>KOLLA ALLTID\u00a0 DAGSPRIS MED PRISRUNNER\/PRISJAKT\u00a0 \u00a0 d\u00e5 alla har kampanjer d\u00e5 och d\u00e5 och man kan hitta b\u00e4ttre priser.<\/p>\n<p>D-link kamera DCS-530L- k\u00f6pte 3 st till kampanjpris f\u00f6r<strong> 299 kr\/st\u00a0\u00a0<\/strong>dec 2018 \u00e4r kameratypen som\u00a0 jag utv\u00e4rderar och den passar p\u00e5 n\u00e5gra st\u00e4llen i mitt t\u00e4nkta system Den priss\u00e4nktes\u00a0 33% under december f\u00f6r medlemmar . Drar bara\u00a0 max 1 W s\u00e5 den kan vara p\u00e5 f\u00f6r j\u00e4mnan.<\/p>\n<p>K\u00f6pte sedan i slutet av feb\u00a0 en utekamera DCS-2330L\u00a0 p\u00e5 kampanjpris som kompletterar mina kameror att anv\u00e4ndas i stan och p\u00e5 landet sommar och vinter. Utekameran \u00e4r \u00e4ven t\u00e4nkt att\u00a0 spana p\u00e5 djur tex\u00a0 gr\u00e4vling, r\u00e5djur och r\u00e4v<\/p>\n<p>&nbsp;<\/p>\n<p><a href=\"https:\/\/fatherben.se\/wordpress\/wp-content\/uploads\/2018\/01\/DCS930L-1.jpg\"><img loading=\"lazy\" decoding=\"async\" class=\"alignnone wp-image-27213 size-full\" src=\"https:\/\/fatherben.se\/wordpress\/wp-content\/uploads\/2018\/01\/DCS930L-1.jpg\" alt=\"\" width=\"1039\" height=\"368\" srcset=\"https:\/\/fatherben.se\/wordpress\/wp-content\/uploads\/2018\/01\/DCS930L-1.jpg 1039w, https:\/\/fatherben.se\/wordpress\/wp-content\/uploads\/2018\/01\/DCS930L-1-300x106.jpg 300w, https:\/\/fatherben.se\/wordpress\/wp-content\/uploads\/2018\/01\/DCS930L-1-768x272.jpg 768w, https:\/\/fatherben.se\/wordpress\/wp-content\/uploads\/2018\/01\/DCS930L-1-1024x363.jpg 1024w, https:\/\/fatherben.se\/wordpress\/wp-content\/uploads\/2018\/01\/DCS930L-1-1038x368.jpg 1038w\" sizes=\"auto, (max-width: 1039px) 100vw, 1039px\" \/><\/a><\/p>\n<p>B\u00e4ttre att idag k\u00f6pa varianten\u00a0 som kan se 5 meter i m\u00f6rker skiljer 50 kr i listpris.<\/p>\n<p><a href=\"https:\/\/fatherben.se\/wordpress\/wp-content\/uploads\/2018\/01\/DCS932L.jpg\"><img loading=\"lazy\" decoding=\"async\" class=\"alignnone wp-image-27214 size-full\" src=\"https:\/\/fatherben.se\/wordpress\/wp-content\/uploads\/2018\/01\/DCS932L.jpg\" alt=\"\" width=\"1041\" height=\"352\" srcset=\"https:\/\/fatherben.se\/wordpress\/wp-content\/uploads\/2018\/01\/DCS932L.jpg 1041w, https:\/\/fatherben.se\/wordpress\/wp-content\/uploads\/2018\/01\/DCS932L-300x101.jpg 300w, https:\/\/fatherben.se\/wordpress\/wp-content\/uploads\/2018\/01\/DCS932L-768x260.jpg 768w, https:\/\/fatherben.se\/wordpress\/wp-content\/uploads\/2018\/01\/DCS932L-1024x346.jpg 1024w, https:\/\/fatherben.se\/wordpress\/wp-content\/uploads\/2018\/01\/DCS932L-1038x352.jpg 1038w\" sizes=\"auto, (max-width: 1041px) 100vw, 1041px\" \/><\/a><\/p>\n<p>INTRESSANTA KAMEROR\u00a0 VID EV KAMPANJPRIS<\/p>\n<p>&nbsp;<\/p>\n<p>&nbsp;<\/p>\n<p><a href=\"https:\/\/fatherben.se\/wordpress\/wp-content\/uploads\/2018\/01\/DCS5000L.jpg\"><img loading=\"lazy\" decoding=\"async\" class=\"alignnone size-full wp-image-27216\" src=\"https:\/\/fatherben.se\/wordpress\/wp-content\/uploads\/2018\/01\/DCS5000L.jpg\" alt=\"\" width=\"1047\" height=\"365\" srcset=\"https:\/\/fatherben.se\/wordpress\/wp-content\/uploads\/2018\/01\/DCS5000L.jpg 1047w, https:\/\/fatherben.se\/wordpress\/wp-content\/uploads\/2018\/01\/DCS5000L-300x105.jpg 300w, https:\/\/fatherben.se\/wordpress\/wp-content\/uploads\/2018\/01\/DCS5000L-768x268.jpg 768w, https:\/\/fatherben.se\/wordpress\/wp-content\/uploads\/2018\/01\/DCS5000L-1024x357.jpg 1024w\" sizes=\"auto, (max-width: 1047px) 100vw, 1047px\" \/><\/a><\/p>\n<p>&nbsp;<\/p>\n<p><a href=\"https:\/\/fatherben.se\/wordpress\/wp-content\/uploads\/2018\/01\/DCS5222L.jpg\"><img loading=\"lazy\" decoding=\"async\" class=\"alignnone wp-image-27217 size-full\" src=\"https:\/\/fatherben.se\/wordpress\/wp-content\/uploads\/2018\/01\/DCS5222L.jpg\" alt=\"\" width=\"1046\" height=\"450\" srcset=\"https:\/\/fatherben.se\/wordpress\/wp-content\/uploads\/2018\/01\/DCS5222L.jpg 1046w, https:\/\/fatherben.se\/wordpress\/wp-content\/uploads\/2018\/01\/DCS5222L-300x129.jpg 300w, https:\/\/fatherben.se\/wordpress\/wp-content\/uploads\/2018\/01\/DCS5222L-768x330.jpg 768w, https:\/\/fatherben.se\/wordpress\/wp-content\/uploads\/2018\/01\/DCS5222L-1024x441.jpg 1024w\" sizes=\"auto, (max-width: 1046px) 100vw, 1046px\" \/><\/a><\/p>\n<p>&nbsp;<\/p>\n<p><strong>KAMPANJPRIS jan-feb 2018\u00a0 \u00a0<\/strong>30 % rabatt-Bra\u00a0 kamera med lite begr\u00e4nsade anv\u00e4ndningsm\u00f6jligheter\u00a0 \u00a0<span style=\"color: #ff0000;\">Sparar inte bilder o video automatiskt\u00a0<span style=\"color: #000000;\">Utm\u00e4rkt att anv\u00e4nda som tex V\u00e4derkamera och att s\u00e4tta ig\u00e5ng fr\u00e5n distans f\u00f6r tillf\u00e4llig\u00a0 anv\u00e4ndning\u00a0 \u00a0via en fj\u00e4rrstyrd\u00a0 on-off <a href=\"https:\/\/www.styrahem.se\/p\/402\/strombrytare-paav-wifi-sonoff-s20\" target=\"_blank\" rel=\"noopener\"><strong>WiFi\u00a0 adapter<\/strong><\/a>. Kameran drar max\u00a0 3-4W.<\/span><\/span><\/p>\n<p><a href=\"https:\/\/fatherben.se\/wordpress\/wp-content\/uploads\/2018\/01\/DCS8000LH.jpg\"><img loading=\"lazy\" decoding=\"async\" class=\"alignnone size-full wp-image-27218\" src=\"https:\/\/fatherben.se\/wordpress\/wp-content\/uploads\/2018\/01\/DCS8000LH.jpg\" alt=\"\" width=\"1039\" height=\"418\" srcset=\"https:\/\/fatherben.se\/wordpress\/wp-content\/uploads\/2018\/01\/DCS8000LH.jpg 1039w, https:\/\/fatherben.se\/wordpress\/wp-content\/uploads\/2018\/01\/DCS8000LH-300x121.jpg 300w, https:\/\/fatherben.se\/wordpress\/wp-content\/uploads\/2018\/01\/DCS8000LH-768x309.jpg 768w, https:\/\/fatherben.se\/wordpress\/wp-content\/uploads\/2018\/01\/DCS8000LH-1024x412.jpg 1024w, https:\/\/fatherben.se\/wordpress\/wp-content\/uploads\/2018\/01\/DCS8000LH-1038x418.jpg 1038w\" sizes=\"auto, (max-width: 1039px) 100vw, 1039px\" \/><\/a><\/p>\n<p>KAMPANJPRIS FEB-april 2018<\/p>\n<p><a href=\"https:\/\/fatherben.se\/wordpress\/wp-content\/uploads\/2018\/02\/dcs2330l.jpg\"><img loading=\"lazy\" decoding=\"async\" class=\"alignnone size-full wp-image-27394\" src=\"https:\/\/fatherben.se\/wordpress\/wp-content\/uploads\/2018\/02\/dcs2330l.jpg\" alt=\"\" width=\"1028\" height=\"418\" srcset=\"https:\/\/fatherben.se\/wordpress\/wp-content\/uploads\/2018\/02\/dcs2330l.jpg 1028w, https:\/\/fatherben.se\/wordpress\/wp-content\/uploads\/2018\/02\/dcs2330l-300x122.jpg 300w, https:\/\/fatherben.se\/wordpress\/wp-content\/uploads\/2018\/02\/dcs2330l-768x312.jpg 768w, https:\/\/fatherben.se\/wordpress\/wp-content\/uploads\/2018\/02\/dcs2330l-1024x416.jpg 1024w\" sizes=\"auto, (max-width: 1028px) 100vw, 1028px\" \/><\/a><\/p>\n<p>BRA KOMPONENTER VID MONTERING OCH ANV\u00c4NDNING<\/p>\n<p><a href=\"https:\/\/fatherben.se\/wordpress\/wp-content\/uploads\/2018\/02\/magnetf\u00e4ste.jpg\"><img loading=\"lazy\" decoding=\"async\" class=\"alignnone size-full wp-image-27393\" src=\"https:\/\/fatherben.se\/wordpress\/wp-content\/uploads\/2018\/02\/magnetf\u00e4ste.jpg\" alt=\"\" width=\"1058\" height=\"282\" srcset=\"https:\/\/fatherben.se\/wordpress\/wp-content\/uploads\/2018\/02\/magnetf\u00e4ste.jpg 1058w, https:\/\/fatherben.se\/wordpress\/wp-content\/uploads\/2018\/02\/magnetf\u00e4ste-300x80.jpg 300w, https:\/\/fatherben.se\/wordpress\/wp-content\/uploads\/2018\/02\/magnetf\u00e4ste-768x205.jpg 768w, https:\/\/fatherben.se\/wordpress\/wp-content\/uploads\/2018\/02\/magnetf\u00e4ste-1024x273.jpg 1024w\" sizes=\"auto, (max-width: 1058px) 100vw, 1058px\" \/><\/a><\/p>\n<p><strong>Magnetf\u00e4ste<\/strong>\u00a0 h\u00e5ller fast\u00a0 mer \u00e4n 2 hg som en brandvarnare v\u00e4ger\u00a0 \u00a0D.linkkamera v\u00e4ger\u00a0 ca 1,5\u00a0 hg beroende p\u00e5 modell\u00a0 Fungerar i tak men inte vertikalt p\u00e5 v\u00e4gg eller p\u00e5lutande inner tak\u00a0 d\u00e5 de tv\u00e5 magneterna p\u00e5 en av pl\u00e5tarna\u00a0 har liten yta och inte h\u00e5ller emot i sidled. Glidningen kan\u00a0 \u00a0enkelt stoppas\u00a0 med ett par stoppskruvar nedanf\u00f6r pl\u00e5tkanten d\u00e5 &#8221;sug&#8221;kraften fr\u00e5n magneten helt tiillr\u00e4cklig<\/p>\n<p>FJ\u00c4RRAVST\u00c4NGNING KAMERA<\/p>\n<p><a href=\"https:\/\/fatherben.se\/wordpress\/wp-content\/uploads\/2017\/12\/wifionoff.jpg\"><img loading=\"lazy\" decoding=\"async\" class=\"alignnone size-full wp-image-27340\" src=\"https:\/\/fatherben.se\/wordpress\/wp-content\/uploads\/2017\/12\/wifionoff.jpg\" alt=\"\" width=\"355\" height=\"440\" srcset=\"https:\/\/fatherben.se\/wordpress\/wp-content\/uploads\/2017\/12\/wifionoff.jpg 355w, https:\/\/fatherben.se\/wordpress\/wp-content\/uploads\/2017\/12\/wifionoff-242x300.jpg 242w\" sizes=\"auto, (max-width: 355px) 100vw, 355px\" \/><\/a><\/p>\n<p>Kostar ca 170 kr\u00a0 p\u00e5 <a href=\"https:\/\/www.styrahem.se\/p\/402\/strombrytare-paav-wifi-sonoff-s20\" target=\"_blank\" rel=\"noopener\"><strong>STYRA HEM<\/strong><\/a><\/p>\n<p>BILLIGASTE ALTERNATIV ATT \u00d6VA MED OCH L\u00c4RA SIG \u00d6VERVAKNINGSKAMEROR<\/p>\n<p><a href=\"https:\/\/fatherben.se\/wordpress\/alfred-anvanda-den-gamla-mobilen-som-webkamera\/\" target=\"_blank\" rel=\"noopener\"><strong>En gammal mobil som har kamera och appen Alfred<\/strong><\/a><\/p>\n<p>D\u00e5 kameran aktiveras av r\u00f6relse i bilden spelas videoclip in och sparas i molnet hos Alfred och kan ses i annan mobil ansluten till Alfred via internet.<\/p>\n<p>&nbsp;<\/p>\n<p>MYCKET BRA MEN DYRT SYSTEM &#8211; F\u00d6R VISSA MODELLER BEGR\u00c4NSADE ANV\u00c4NDNINGSM\u00d6JLIGHETER<\/p>\n<p>Ett riktigt proffssystem \u00e4r Netgar ARLO Pro<\/p>\n<p>S\u00e4kert mycket bra som\u00a0 \u00f6vervakningssystem men rej\u00e4lt \u00f6verprisat<\/p>\n<p>Suver\u00e4n kamera som kan placeras hur och var som helst utan sladdar \u00e4r det b\u00e4sta.<\/p>\n<p><a href=\"https:\/\/fatherben.se\/wordpress\/wp-content\/uploads\/2018\/01\/Arlo.jpg\"><img loading=\"lazy\" decoding=\"async\" class=\"alignnone size-full wp-image-27238\" src=\"https:\/\/fatherben.se\/wordpress\/wp-content\/uploads\/2018\/01\/Arlo.jpg\" alt=\"\" width=\"1044\" height=\"462\" srcset=\"https:\/\/fatherben.se\/wordpress\/wp-content\/uploads\/2018\/01\/Arlo.jpg 1044w, https:\/\/fatherben.se\/wordpress\/wp-content\/uploads\/2018\/01\/Arlo-300x133.jpg 300w, https:\/\/fatherben.se\/wordpress\/wp-content\/uploads\/2018\/01\/Arlo-768x340.jpg 768w, https:\/\/fatherben.se\/wordpress\/wp-content\/uploads\/2018\/01\/Arlo-1024x453.jpg 1024w\" sizes=\"auto, (max-width: 1044px) 100vw, 1044px\" \/><\/a><\/p>\n<p><strong>Tv\u00e5 rej\u00e4la nackdelar<\/strong> f\u00f6r att kunna anv\u00e4nda m\u00e5ngsidigt<\/p>\n<p>1 Kameran sover f\u00f6r att spara batteri och anv\u00e4nder detektion av f\u00f6r\u00e4ndring av v\u00e4rmestr\u00e5lning f\u00f6r r\u00f6relse och har BEGR\u00c4NSAD R\u00c4CKVIDD\u00a0 med r\u00f6relsedetektorn. Kameran blir aktiv snabbt s\u00e5 inget g\u00e5r f\u00f6rlorat om kameran uppt\u00e4cker r\u00f6relse.<\/p>\n<p>Vanliga n\u00e4tdrivna kameror anv\u00e4nder bildanalys med f\u00f6r\u00e4ndring i bilden f\u00f6r att detektera r\u00f6relse och kan anv\u00e4ndas\u00a0 \u00a0t\u00e4ckande st\u00f6rre ytor betydligt l\u00e4ngre ifr\u00e5n kameran.<\/p>\n<p>2 Kameror i i detta system beh\u00f6ver en centralenhet\u00a0 f\u00f6r att kommunicera med WiFin\u00e4tet- d\u00e5 WiFi drar mycket str\u00f6m har man en egen str\u00f6msn\u00e5lare \u00f6verf\u00f6ringsstandard mellan kamera och centralenhet. Ca 100 meter anges som maxavst\u00e5nd fr\u00e5n kamera till centralenheten. Nackdel mer prylar och f\u00f6rdyrande p\u00e5 en redan \u00f6verprisad produkt. kamerorna ser 10-15 meter beroende p\u00e5 system<\/p>\n<p>\u00d6NSKEM\u00c5L WISHLIST<\/p>\n<p>En\u00a0 frist\u00e5ende utomhuskamera av denna klass Laddningsbar\/batteri- n\u00e4t driven som anv\u00e4nder WiFi med m\u00f6jlighet v\u00e4lja bildanalys eller PIR och att den kan ladda upp bilder eller video med inst\u00e4llbar kvalitet\u00a0 p\u00e5 FTP server Batteritid kan vara betydligt kortare \u00e4n\u00a0 m\u00e5nader som ARLO<\/p>\n<p>En s\u00e5n kamera\u00a0 skulle vara suver\u00e4n tillsammans med en batteridriven 4G Router .<\/p>\n<p>Under 2018 kommer\u00a0 kanske\u00a0 en ny intressant\u00a0 ARLO till Sverige men kostar ca 5000\u00a0 men m\u00f6ter en del i mina krav.<\/p>\n<p><a href=\"https:\/\/fatherben.se\/wordpress\/wp-content\/uploads\/2018\/01\/Arlo-Go.jpg\"><img loading=\"lazy\" decoding=\"async\" class=\"alignnone wp-image-27256\" src=\"https:\/\/fatherben.se\/wordpress\/wp-content\/uploads\/2018\/01\/Arlo-Go.jpg\" alt=\"\" width=\"190\" height=\"169\" srcset=\"https:\/\/fatherben.se\/wordpress\/wp-content\/uploads\/2018\/01\/Arlo-Go.jpg 510w, https:\/\/fatherben.se\/wordpress\/wp-content\/uploads\/2018\/01\/Arlo-Go-300x266.jpg 300w\" sizes=\"auto, (max-width: 190px) 100vw, 190px\" \/><\/a><\/p>\n<p><a href=\"https:\/\/smartworld.idg.se\/2.38606\/1.692999\/arlo-go-overvakningskamera-mobilt-internet\" target=\"_blank\" rel=\"noopener\"><strong>ARLO Go<\/strong><\/a><\/p>\n<p>Jobbar med SIMkort som kommunicerar mot den egna mobilen lagrar i molnet\u00a0 och p\u00e5 simkort \u00e4r b\u00e5de batteri och n\u00e4tdriven <strong>men inget WiFi<\/strong> <strong>Man kan heller\u00a0 inte se kameran live i mobilen<\/strong>. beh\u00f6ver ingen basstation <strong>Mycket dyr<\/strong><\/p>\n<p>&nbsp;<\/p>\n<p>&nbsp;<\/p>\n<p>&nbsp;<\/p>\n<p>&nbsp;<\/p>\n","protected":false},"excerpt":{"rendered":"<p>Uppdaterad 180227 Unders\u00f6ker lite hur man kan anv\u00e4nda moderna billiga \u00f6vervakningskameror som saluf\u00f6rs av\u00a0 bla Kjell o CO L\u00e4s om den p\u00e5g\u00e5ende utv\u00e4rderingen F\u00f6ljer prisutvecklingen p\u00e5 n\u00e5gra intressanta kameror\u00a0som kan spara\u00a0 bild och video till molnet p\u00e5 en FTP-server F\u00f6r medlem Kjell o Co kommer ofta erbjudanden att k\u00f6pa till riktigt bra pris H\u00e4r lite [&hellip;]<\/p>\n","protected":false},"author":1,"featured_media":0,"parent":0,"menu_order":0,"comment_status":"closed","ping_status":"closed","template":"","meta":{"footnotes":""},"class_list":["post-27224","page","type-page","status-publish","hentry"],"jetpack_shortlink":"https:\/\/wp.me\/P1IAXy-756","jetpack_sharing_enabled":true,"jetpack-related-posts":[{"id":26943,"url":"https:\/\/fatherben.se\/wordpress\/sidor\/video-hjalpen\/tips-och-erfarenheter-d-link-kamera\/","url_meta":{"origin":27224,"position":0},"title":"TIPS OCH ERFARENHETER  D-LINK KAMERA","author":"admin","date":"2017-12-10","format":false,"excerpt":"uppdaterad 220128\u00a0 L\u00e4nat utv\u00e4rdering batteridrivna Arlokameror ALLM\u00c4NT OM \u00d6VERVAKNINGSKAMEROR Min utv\u00e4rdering av andra D-link kameror\u00a0\u00a0 Min utv\u00e4rdering av Netgear batteridriven Arlo HD kamera Min utv\u00e4rdering av Arlo Essential laddbar Arlo HDkamera INST\u00c4LLNING\u00a0 AV DLINKKAMERA \u00a0 Manual DCS_930LB\u00a0 om man beh\u00f6ver veta mera i detalj Kameran \u00e4r en inomhuskamera och funkar\u2026","rel":"","context":"Liknande inl\u00e4gg","block_context":{"text":"Liknande inl\u00e4gg","link":""},"img":{"alt_text":"","src":"https:\/\/i0.wp.com\/fatherben.se\/wordpress\/wp-content\/uploads\/2017\/12\/bildspel-%C3%B6vkam.gif?resize=350%2C200","width":350,"height":200},"classes":[]},{"id":29145,"url":"https:\/\/fatherben.se\/wordpress\/jamforelse-overvakningkameror-kjell-o-co\/tradlos-temperaturmatare\/","url_meta":{"origin":27224,"position":1},"title":"Tr\u00e5dl\u00f6s temperaturm\u00e4tare","author":"admin","date":"2019-09-07","format":false,"excerpt":"TILL\u00a0 ARTIKELN SMARTA HEMMET I slutet av f\u00f6rra seklet k\u00f6pte jag en\u00a0 tr\u00e5dl\u00f6s fj\u00e4rrtermometer fabrikat Nordica om fungerat \u00e5ret runt i \u00f6ver 20 \u00e5r och anv\u00e4nds i fritidshuset. Den fungerar s\u00e4kert 10 \u00e5r till! S\u00e4ndaren sitter i ett uthus och en sladd med\u00a0 bulb i \u00e4ndan som m\u00e4ter utetemperaturen sitter\u2026","rel":"","context":"Liknande inl\u00e4gg","block_context":{"text":"Liknande inl\u00e4gg","link":""},"img":{"alt_text":"","src":"https:\/\/i0.wp.com\/fatherben.se\/wordpress\/wp-content\/uploads\/2019\/09\/Term2.jpg?resize=350%2C200","width":350,"height":200},"classes":[]},{"id":512,"url":"https:\/\/fatherben.se\/wordpress\/sidor\/video-hjalpen\/","url_meta":{"origin":27224,"position":2},"title":"VIDEO-akuten","author":"Bengt","date":"2008-12-14","format":false,"excerpt":"uppdaterad 20201005 \u00a0Passa p\u00e5 att f\u00e5 ett gott skratt\u00a0innan du tar dig an videotipsen Lite tillkommande information 2020 \u00a0G\u00f6ra gamla smalfilmer digitala \u00a0\u00d6verf\u00f6ra filmer fr\u00e5n videokassetter tex analog kamera eller VHS \u00a0till en DVD skiva \u00a0Videokvalitet p\u00e5 video \u00a0\u00a0av\u00a0olika ursprung fr\u00e5n Dubbel8 till modern HDvideo visade\u00a0 i modernt videoformat h264\/mpg4\u2026","rel":"","context":"Liknande inl\u00e4gg","block_context":{"text":"Liknande inl\u00e4gg","link":""},"img":{"alt_text":"","src":"https:\/\/i0.wp.com\/fatherben.se\/wordpress\/wp-content\/uploads\/2011\/10\/DS.jpg?resize=350%2C200","width":350,"height":200},"classes":[]},{"id":7762,"url":"https:\/\/fatherben.se\/wordpress\/sidor\/video-hjalpen\/vformat\/moderna-videoformat-okt-2010\/","url_meta":{"origin":27224,"position":3},"title":"Videoformat","author":"bengt39","date":"2010-10-12","format":false,"excerpt":"Uppdaterad 150109 Passa p\u00e5 att f\u00e5 ett gott skratt Videoformat \u00e4r ett virrvarr av beteckningar man har en ledtr\u00e5d i \u00e4ndelsen p\u00e5 videofilen men det s\u00e4ger egentligen inte s\u00e5 mycket En tabell\u00a0\u00a0l\u00e4ngst ned p\u00e5 sidan ska ses som en grov \u00f6versikt av vanliga videoformat fr\u00e5n 2010 s\u00e5 man f\u00e5r en\u2026","rel":"","context":"Liknande inl\u00e4gg","block_context":{"text":"Liknande inl\u00e4gg","link":""},"img":{"alt_text":"","src":"https:\/\/i0.wp.com\/fatherben.se\/wordpress\/wp-content\/uploads\/2009\/10\/digakutlogo.jpg?resize=350%2C200","width":350,"height":200},"classes":[]},{"id":20313,"url":"https:\/\/fatherben.se\/wordpress\/sidor\/digtalakuten45\/mobiltelefon-akuten\/liten-praktiskt-anvandbar-skillnad-mellan-sony-xperia-z2-z3\/","url_meta":{"origin":27224,"position":4},"title":"Liten praktiskt anv\u00e4ndbar skillnad mellan Sony XPERIA Z2 och Z3","author":"admin","date":"2014-09-24","format":false,"excerpt":"publicerad 24sept 2014 uppdaterad 150106 Passa p\u00e5 att f\u00e5 n\u00e5gra goa skratt\u00a0\u00a0idag \u00a0g\u00e5 d\u00e5 \u00a0in\u00a0via min Backdoor NU TILL \u00c4MNET \u00c4ndringar mellan Z2 och Z3 p\u00e5verkar lite den praktiska anv\u00e4ndningen- Z3 mindre och med ny processor mindre batteri har avancerad str\u00f6msparteknik och st\u00f6rre\u00a0kameralins p\u00e5 en redan bra kamera \u00a0dessutom har\u2026","rel":"","context":"Liknande inl\u00e4gg","block_context":{"text":"Liknande inl\u00e4gg","link":""},"img":{"alt_text":"z2","src":"https:\/\/i0.wp.com\/fatherben.se\/wordpress\/wp-content\/uploads\/2014\/09\/z2.jpg?resize=350%2C200","width":350,"height":200},"classes":[]},{"id":954,"url":"https:\/\/fatherben.se\/wordpress\/sidor\/video-hjalpen\/gora-analoga-filmer-pa-kassetter-digitala\/","url_meta":{"origin":27224,"position":5},"title":"\u00d6verf\u00f6ra film fr\u00e5n videokassetter till DVD-skivor","author":"Bengt","date":"2008-12-25","format":false,"excerpt":"Uppdat\u00a0150104 Passa p\u00e5 att f\u00e5 n\u00e5gra goa skratt\u00a0\u00a0idag \u00a0g\u00e5 d\u00e5 \u00a0in\u00a0via min Backdoor NU TILL \u00c4MNET Ing\u00e5ng till\u00a0Videoakuten Beh\u00f6ver du ett gott skratt idag?? L\u00e4s mera om min seri\u00f6sa webplats Fyra delavsnitt p\u00e5 denna sida som avhandlar att\u00a0\u00f6verf\u00f6ra\u00a0 gammal videofilm\u00a0tex en inspelad film fr\u00e5n TVn\u00a0som finns p\u00e5 VHS kassetter eller\u2026","rel":"","context":"Liknande inl\u00e4gg","block_context":{"text":"Liknande inl\u00e4gg","link":""},"img":{"alt_text":"","src":"https:\/\/i0.wp.com\/fatherben.se\/wordpress\/wp-content\/uploads\/2011\/10\/DS.jpg?resize=350%2C200","width":350,"height":200},"classes":[]}],"_links":{"self":[{"href":"https:\/\/fatherben.se\/wordpress\/wp-json\/wp\/v2\/pages\/27224","targetHints":{"allow":["GET"]}}],"collection":[{"href":"https:\/\/fatherben.se\/wordpress\/wp-json\/wp\/v2\/pages"}],"about":[{"href":"https:\/\/fatherben.se\/wordpress\/wp-json\/wp\/v2\/types\/page"}],"author":[{"embeddable":true,"href":"https:\/\/fatherben.se\/wordpress\/wp-json\/wp\/v2\/users\/1"}],"replies":[{"embeddable":true,"href":"https:\/\/fatherben.se\/wordpress\/wp-json\/wp\/v2\/comments?post=27224"}],"version-history":[{"count":26,"href":"https:\/\/fatherben.se\/wordpress\/wp-json\/wp\/v2\/pages\/27224\/revisions"}],"predecessor-version":[{"id":33771,"href":"https:\/\/fatherben.se\/wordpress\/wp-json\/wp\/v2\/pages\/27224\/revisions\/33771"}],"wp:attachment":[{"href":"https:\/\/fatherben.se\/wordpress\/wp-json\/wp\/v2\/media?parent=27224"}],"curies":[{"name":"wp","href":"https:\/\/api.w.org\/{rel}","templated":true}]}}