{"id":29594,"date":"2019-12-04T08:10:43","date_gmt":"2019-12-04T07:10:43","guid":{"rendered":"http:\/\/fatherben.se\/wordpress\/?page_id=29594"},"modified":"2019-12-04T08:10:43","modified_gmt":"2019-12-04T07:10:43","slug":"host","status":"publish","type":"page","link":"https:\/\/fatherben.se\/wordpress\/host\/","title":{"rendered":"H\u00d6ST"},"content":{"rendered":"<div id=\"attachment_29595\" style=\"width: 1926px\" class=\"wp-caption alignnone\"><a href=\"https:\/\/fatherben.se\/wordpress\/wp-content\/uploads\/2019\/12\/autumn.jpg\"><img loading=\"lazy\" decoding=\"async\" aria-describedby=\"caption-attachment-29595\" class=\"wp-image-29595 size-full\" src=\"https:\/\/fatherben.se\/wordpress\/wp-content\/uploads\/2019\/12\/autumn.jpg\" alt=\"\" width=\"1916\" height=\"1031\" srcset=\"https:\/\/fatherben.se\/wordpress\/wp-content\/uploads\/2019\/12\/autumn.jpg 1916w, https:\/\/fatherben.se\/wordpress\/wp-content\/uploads\/2019\/12\/autumn-300x161.jpg 300w, https:\/\/fatherben.se\/wordpress\/wp-content\/uploads\/2019\/12\/autumn-1024x551.jpg 1024w, https:\/\/fatherben.se\/wordpress\/wp-content\/uploads\/2019\/12\/autumn-768x413.jpg 768w, https:\/\/fatherben.se\/wordpress\/wp-content\/uploads\/2019\/12\/autumn-1536x827.jpg 1536w\" sizes=\"auto, (max-width: 1916px) 100vw, 1916px\" \/><\/a><p id=\"caption-attachment-29595\" class=\"wp-caption-text\">CLIC ON PIC FOR AUTUMN FULL SIZE<\/p><\/div>\n","protected":false},"excerpt":{"rendered":"","protected":false},"author":1,"featured_media":0,"parent":0,"menu_order":0,"comment_status":"closed","ping_status":"closed","template":"","meta":{"footnotes":""},"class_list":["post-29594","page","type-page","status-publish","hentry"],"jetpack_shortlink":"https:\/\/wp.me\/P1IAXy-7Hk","jetpack_sharing_enabled":true,"jetpack-related-posts":[{"id":5161,"url":"https:\/\/fatherben.se\/wordpress\/father-ben\/om\/21501\/d\/profile-father-ben-site\/cheer-up-today\/","url_meta":{"origin":29594,"position":0},"title":"CHEER UP TODAY!","author":"bengt39","date":"2010-02-11","format":false,"excerpt":"Joke updated 100227\u00a0( Swedish) and another one for my\u00a0 English speaking \u00a0guests\u00a0and\u00a0\u00a0the United song a clic away below \u00a0is so good!!-- its worth listening to again!! Isn t ??\u00a0The singer is defenetly\u00a0a coming man in the Country style I bet!! A good joke to start the day?\u00a0( In Swedish )\u2026","rel":"","context":"Liknande inl\u00e4gg","block_context":{"text":"Liknande inl\u00e4gg","link":""},"img":{"alt_text":"","src":"","width":0,"height":0},"classes":[]},{"id":12069,"url":"https:\/\/fatherben.se\/wordpress\/father-ben\/om\/21501\/d\/profile-father-ben-site\/english-version-for-my-friends-abroad\/ipad-and-iphoneusers\/","url_meta":{"origin":29594,"position":1},"title":"iPad and iPhone users","author":"bengt39","date":"2011-11-12","format":false,"excerpt":"Unfortunately Apple do not permit Flashvideo neither in iPhone or iPad becuse Steve Jobs couldnt cooperate with Adobe- flashvideo maybe is not the most effective way of distributing video but most videos on the web are right now flash. This means you cannot watch \u00a0videos embeded in flashvideo on a\u2026","rel":"","context":"Liknande inl\u00e4gg","block_context":{"text":"Liknande inl\u00e4gg","link":""},"img":{"alt_text":"","src":"https:\/\/i0.wp.com\/fatherben.se\/wordpress\/wp-content\/uploads\/2011\/11\/chart-of-the-day-android-share-of-smartphone-operating-system-market-nov-14-2011.jpg?resize=350%2C200","width":350,"height":200},"classes":[]},{"id":32333,"url":"https:\/\/fatherben.se\/wordpress\/larare-motala1950talet\/","url_meta":{"origin":29594,"position":2},"title":"L\u00e4rare p\u00e5 HALIM Motala1950talet","author":"admin","date":"2021-01-19","format":false,"excerpt":"L\u00e4rarkollegiet 1953 Religion\u00a0 Filosofi\u00a0 \"Munken \" Biologi\u00a0 Kemi \"Malin\" Historia \"Fompa\" NOSTALGI 50 tal En del l\u00e4rare ,potatisplockning en h\u00f6st klasser 1958-1959 http:\/\/fatherben.se\/STUDENT59\/halim50talet3.mp4 \u00a0 L\u00e4rarbeskrivningar 50 talet Studentklasser 1959 HALIM Prefektv\u00e4sendet\u2026 prefekternas uppgift var att vara\u00a0 ordningsman p\u00e5 skolg\u00e5rden\u00a0 bla\u00a0 ha koll p\u00e5 \u00f6vre delen av skolg\u00e5rden\u00a0 d\u00e4r fick bara\u00a0\u2026","rel":"","context":"Liknande inl\u00e4gg","block_context":{"text":"Liknande inl\u00e4gg","link":""},"img":{"alt_text":"","src":"https:\/\/i0.wp.com\/fatherben.se\/wordpress\/wp-content\/uploads\/2021\/01\/halim53.gif?resize=350%2C200","width":350,"height":200,"srcset":"https:\/\/i0.wp.com\/fatherben.se\/wordpress\/wp-content\/uploads\/2021\/01\/halim53.gif?resize=350%2C200 1x, https:\/\/i0.wp.com\/fatherben.se\/wordpress\/wp-content\/uploads\/2021\/01\/halim53.gif?resize=525%2C300 1.5x, https:\/\/i0.wp.com\/fatherben.se\/wordpress\/wp-content\/uploads\/2021\/01\/halim53.gif?resize=700%2C400 2x"},"classes":[]},{"id":28356,"url":"https:\/\/fatherben.se\/wordpress\/father-ben\/om\/21501\/erfarenheter-justar-eldriven-golfvagn\/","url_meta":{"origin":29594,"position":3},"title":"Erfarenheter Justar eldriven golfvagn","author":"admin","date":"2019-02-10","format":false,"excerpt":"DAGBOK ERFARENHETER JUSTAR uppdaterad 220213 i dagboksanteckningar L\u00c4NK TILL J\u00c4MF\u00d6RELSESIDAN GOLFVAGNAR VAL AV VAGN DAGBOK 2022- fj\u00e4rde golf\u00e5ret med vagnen DAGBOK 2021 DAGBOK 2020 DAGBOK 2019 DIVERSE ERFARENHETER ERFARENHETER MOBY DICK VAL AV VAGN SAMMANFATTNING ERFARENHETER\u00a0 Utan tvekan b\u00e4st i klassen vad avser teknisk l\u00f6sning och enkelhet att anv\u00e4nda. Allt\u2026","rel":"","context":"Liknande inl\u00e4gg","block_context":{"text":"Liknande inl\u00e4gg","link":""},"img":{"alt_text":"","src":"https:\/\/i0.wp.com\/fatherben.se\/wordpress\/wp-content\/uploads\/2019\/01\/Juostar.jpg?resize=350%2C200","width":350,"height":200},"classes":[]},{"id":35559,"url":"https:\/\/fatherben.se\/wordpress\/natverk\/spjalko\/vilda-djur-spjalkonas\/","url_meta":{"origin":29594,"position":4},"title":"VILDA DJUR SPJ\u00c4LK\u00d6N\u00c4S BLEKINGE","author":"admin","date":"2024-02-19","format":false,"excerpt":"Senaste uppdaterat 25 okt 2025 Klicka p\u00e5 rutan nere till h\u00f6ger p\u00e5 videospelaren f\u00f6r att v\u00e4xla videostorlek fullsk\u00e4rm R\u00e4vungen som pryder\u00a0 bloggen \u00e4r fotad nedanf\u00f6r tomten f\u00f6r 6-7 \u00e5r sedan kan mycket v\u00e4l var den r\u00e4vhona ( sett video n\u00e4r hon pinkar revir) som syns varje \u00e5r numera \u00a0 Oktober\u2026","rel":"","context":"Liknande inl\u00e4gg","block_context":{"text":"Liknande inl\u00e4gg","link":""},"img":{"alt_text":"","src":"","width":0,"height":0},"classes":[]},{"id":20313,"url":"https:\/\/fatherben.se\/wordpress\/sidor\/digtalakuten45\/mobiltelefon-akuten\/liten-praktiskt-anvandbar-skillnad-mellan-sony-xperia-z2-z3\/","url_meta":{"origin":29594,"position":5},"title":"Liten praktiskt anv\u00e4ndbar skillnad mellan Sony XPERIA Z2 och Z3","author":"admin","date":"2014-09-24","format":false,"excerpt":"publicerad 24sept 2014 uppdaterad 150106 Passa p\u00e5 att f\u00e5 n\u00e5gra goa skratt\u00a0\u00a0idag \u00a0g\u00e5 d\u00e5 \u00a0in\u00a0via min Backdoor NU TILL \u00c4MNET \u00c4ndringar mellan Z2 och Z3 p\u00e5verkar lite den praktiska anv\u00e4ndningen- Z3 mindre och med ny processor mindre batteri har avancerad str\u00f6msparteknik och st\u00f6rre\u00a0kameralins p\u00e5 en redan bra kamera \u00a0dessutom har\u2026","rel":"","context":"Liknande inl\u00e4gg","block_context":{"text":"Liknande inl\u00e4gg","link":""},"img":{"alt_text":"z2","src":"https:\/\/i0.wp.com\/fatherben.se\/wordpress\/wp-content\/uploads\/2014\/09\/z2.jpg?resize=350%2C200","width":350,"height":200},"classes":[]}],"_links":{"self":[{"href":"https:\/\/fatherben.se\/wordpress\/wp-json\/wp\/v2\/pages\/29594","targetHints":{"allow":["GET"]}}],"collection":[{"href":"https:\/\/fatherben.se\/wordpress\/wp-json\/wp\/v2\/pages"}],"about":[{"href":"https:\/\/fatherben.se\/wordpress\/wp-json\/wp\/v2\/types\/page"}],"author":[{"embeddable":true,"href":"https:\/\/fatherben.se\/wordpress\/wp-json\/wp\/v2\/users\/1"}],"replies":[{"embeddable":true,"href":"https:\/\/fatherben.se\/wordpress\/wp-json\/wp\/v2\/comments?post=29594"}],"version-history":[{"count":1,"href":"https:\/\/fatherben.se\/wordpress\/wp-json\/wp\/v2\/pages\/29594\/revisions"}],"predecessor-version":[{"id":29596,"href":"https:\/\/fatherben.se\/wordpress\/wp-json\/wp\/v2\/pages\/29594\/revisions\/29596"}],"wp:attachment":[{"href":"https:\/\/fatherben.se\/wordpress\/wp-json\/wp\/v2\/media?parent=29594"}],"curies":[{"name":"wp","href":"https:\/\/api.w.org\/{rel}","templated":true}]}}